{"id":250,"date":"2025-01-04T21:03:55","date_gmt":"2025-01-04T21:03:55","guid":{"rendered":"https:\/\/irecover.mx\/?page_id=250"},"modified":"2025-05-27T01:47:05","modified_gmt":"2025-05-27T01:47:05","slug":"quienes-somos","status":"publish","type":"page","link":"https:\/\/irecover.mx\/index.php\/quienes-somos\/","title":{"rendered":"Quienes somos"},"content":{"rendered":"<p>[et_pb_section fb_built=\u00bb1&#8243; _builder_version=\u00bb4.27.4&#8243; _module_preset=\u00bbdefault\u00bb background_image=\u00bbhttps:\/\/irecover.mx\/wp-content\/uploads\/2025\/05\/c31b7960-3b34-4240-b1da-010cb0f939b9.jpg\u00bb hover_enabled=\u00bb0&#8243; da_disable_devices=\u00bboff|off|off\u00bb global_colors_info=\u00bb{}\u00bb title_text=\u00bbc31b7960-3b34-4240-b1da-010cb0f939b9&#8243; sticky_enabled=\u00bb0&#8243; background_color=\u00bbrgba(0,0,0,0.76)\u00bb background_blend=\u00bbmultiply\u00bb da_is_popup=\u00bboff\u00bb da_exit_intent=\u00bboff\u00bb da_has_close=\u00bbon\u00bb da_alt_close=\u00bboff\u00bb da_dark_close=\u00bboff\u00bb da_not_modal=\u00bbon\u00bb da_is_singular=\u00bboff\u00bb da_with_loader=\u00bboff\u00bb da_has_shadow=\u00bbon\u00bb][et_pb_row column_structure=\u00bb1_2,1_2&#8243; _builder_version=\u00bb4.27.4&#8243; _module_preset=\u00bbdefault\u00bb global_colors_info=\u00bb{}\u00bb][et_pb_column type=\u00bb1_2&#8243; _builder_version=\u00bb4.27.4&#8243; _module_preset=\u00bbdefault\u00bb global_colors_info=\u00bb{}\u00bb][et_pb_blurb title=\u00bbQUIENES SOMOS\u00bb _builder_version=\u00bb4.27.4&#8243; _module_preset=\u00bbdefault\u00bb header_level=\u00bbh1&#8243; header_text_color=\u00bb#FFFFFF\u00bb header_font_size=\u00bb54px\u00bb body_text_color=\u00bb#FFFFFF\u00bb body_font_size=\u00bb15px\u00bb hover_enabled=\u00bb0&#8243; body_text_shadow_style=\u00bbpreset3&#8243; body_text_shadow_horizontal_length=\u00bb0.04em\u00bb body_text_shadow_vertical_length=\u00bb0.26em\u00bb body_text_shadow_blur_strength=\u00bb0.15em\u00bb body_text_shadow_color=\u00bb#000000&#8243; global_colors_info=\u00bb{}\u00bb sticky_enabled=\u00bb0&#8243;]<\/p>\n<p style=\"text-align: center;\">En <strong>IRS<\/strong>, somos l\u00edderes en soluciones integrales para la gesti\u00f3n de residuos, recolecci\u00f3n de scrap y log\u00edstica especializada. Con una s\u00f3lida trayectoria en el mercado, nos dedicamos a optimizar las operaciones de empresas industriales, comerciales y municipales, ofreciendo servicios confiables y equipos de alta calidad.<\/p>\n<p style=\"text-align: center;\">Nuestro enfoque combina experiencia, tecnolog\u00eda avanzada y un compromiso con la sostenibilidad, permiti\u00e9ndonos ofrecer soluciones adaptadas a las necesidades espec\u00edficas de cada cliente. Desde la recolecci\u00f3n de residuos hasta su comercializaci\u00f3n, garantizamos procesos eficientes, seguros y respetuosos con el medio ambiente.<\/p>\n<p>[\/et_pb_blurb][\/et_pb_column][et_pb_column type=\u00bb1_2&#8243; _builder_version=\u00bb4.27.4&#8243; _module_preset=\u00bbdefault\u00bb global_colors_info=\u00bb{}\u00bb][et_pb_blurb title=\u00bbNuestra Misi\u00f3n:\u00bb use_icon=\u00bbon\u00bb font_icon=\u00bb&#xf140;||fa||900&#8243; icon_color=\u00bb#FFFFFF\u00bb image_icon_background_color=\u00bbRGBA(255,255,255,0)\u00bb icon_placement=\u00bbleft\u00bb _builder_version=\u00bb4.27.4&#8243; _module_preset=\u00bbdefault\u00bb header_level=\u00bbh2&#8243; header_text_color=\u00bb#FFFFFF\u00bb body_text_color=\u00bb#FFFFFF\u00bb background_color=\u00bbrgba(215,192,0,0.28)\u00bb custom_padding=\u00bb9px|14px|9px|14px|true|true\u00bb hover_enabled=\u00bb0&#8243; border_color_all_image=\u00bb#FFFFFF\u00bb global_colors_info=\u00bb{}\u00bb sticky_enabled=\u00bb0&#8243;]<\/p>\n<p style=\"text-align: justify;\">Brindar servicios integrales de gesti\u00f3n de residuos y scrap que optimicen las operaciones de nuestros clientes, promoviendo la sostenibilidad y el desarrollo de alianzas estrat\u00e9gicas.<\/p>\n<p>[\/et_pb_blurb][et_pb_blurb title=\u00bbNuestros valores\u00bb use_icon=\u00bbon\u00bb font_icon=\u00bb&#xf4fe;||fa||900&#8243; icon_color=\u00bb#FFFFFF\u00bb image_icon_background_color=\u00bbRGBA(255,255,255,0)\u00bb icon_placement=\u00bbleft\u00bb _builder_version=\u00bb4.27.4&#8243; _module_preset=\u00bbdefault\u00bb header_level=\u00bbh2&#8243; header_text_color=\u00bb#FFFFFF\u00bb body_text_color=\u00bb#FFFFFF\u00bb background_color=\u00bbrgba(215,192,0,0.28)\u00bb custom_padding=\u00bb9px|14px|9px|14px|true|true\u00bb hover_enabled=\u00bb0&#8243; border_color_all_image=\u00bb#FFFFFF\u00bb global_colors_info=\u00bb{}\u00bb sticky_enabled=\u00bb0&#8243;]<\/p>\n<ul>\n<li><strong>Innovaci\u00f3n:<\/strong> Aplicamos tecnolog\u00eda y procesos avanzados para mejorar continuamente nuestros servicios.<\/li>\n<li><strong>Sostenibilidad:<\/strong> Priorizamos pr\u00e1cticas que reduzcan el impacto ambiental y fomenten la econom\u00eda circular.<\/li>\n<li><strong>Compromiso:<\/strong> Nos esforzamos por superar las expectativas de nuestros clientes en cada proyecto.<\/li>\n<li><strong>Calidad:<\/strong> Ofrecemos soluciones confiables y equipos de alta resistencia para garantizar resultados \u00f3ptimos.<\/li>\n<\/ul>\n<p>[\/et_pb_blurb][\/et_pb_column][\/et_pb_row][et_pb_row _builder_version=\u00bb4.27.4&#8243; _module_preset=\u00bbdefault\u00bb global_colors_info=\u00bb{}\u00bb][et_pb_column type=\u00bb4_4&#8243; _builder_version=\u00bb4.27.4&#8243; _module_preset=\u00bbdefault\u00bb global_colors_info=\u00bb{}\u00bb][et_pb_text _builder_version=\u00bb4.27.4&#8243; _module_preset=\u00bbdefault\u00bb text_font=\u00bbRoboto|700|||||||\u00bb text_text_color=\u00bb#FFFFFF\u00bb text_font_size=\u00bb25px\u00bb text_line_height=\u00bb1.1em\u00bb background_color=\u00bbrgba(0,0,0,0.45)\u00bb global_colors_info=\u00bb{}\u00bb]<\/p>\n<p style=\"text-align: center;\">Nos visualizamos como una empresa de referencia en M\u00e9xico para la recolecci\u00f3n, comercializaci\u00f3n y log\u00edstica de scrap, reconocida por nuestra excelencia operativa y compromiso con el medio ambiente.<\/p>\n<p>[\/et_pb_text][\/et_pb_column][\/et_pb_row][\/et_pb_section][et_pb_section fb_built=\u00bb1&#8243; _builder_version=\u00bb4.27.4&#8243; _module_preset=\u00bbdefault\u00bb da_disable_devices=\u00bboff|off|off\u00bb global_colors_info=\u00bb{}\u00bb da_is_popup=\u00bboff\u00bb da_exit_intent=\u00bboff\u00bb da_has_close=\u00bbon\u00bb da_alt_close=\u00bboff\u00bb da_dark_close=\u00bboff\u00bb da_not_modal=\u00bbon\u00bb da_is_singular=\u00bboff\u00bb da_with_loader=\u00bboff\u00bb da_has_shadow=\u00bbon\u00bb][et_pb_row _builder_version=\u00bb4.27.4&#8243; _module_preset=\u00bbdefault\u00bb width=\u00bb100%\u00bb max_width=\u00bb100%\u00bb global_colors_info=\u00bb{}\u00bb][et_pb_column type=\u00bb4_4&#8243; _builder_version=\u00bb4.27.4&#8243; _module_preset=\u00bbdefault\u00bb global_colors_info=\u00bb{}\u00bb][et_pb_blurb title=\u00bbDirecci\u00f3n\u00bb image=\u00bbhttps:\/\/irecover.mx\/wp-content\/uploads\/2025\/05\/logo-small.jpg\u00bb content_max_width=\u00bb87%\u00bb _builder_version=\u00bb4.27.4&#8243; _module_preset=\u00bbdefault\u00bb header_font=\u00bbRoboto||||||||\u00bb header_text_color=\u00bb#d7c000&#8243; body_font=\u00bbRoboto|700|||||||\u00bb body_font_size=\u00bb40px\u00bb body_line_height=\u00bb1em\u00bb hover_enabled=\u00bb0&#8243; global_colors_info=\u00bb{}\u00bb sticky_enabled=\u00bb0&#8243; title_text=\u00bblogo-small\u00bb image_icon_width=\u00bb300px\u00bb]<\/p>\n<div class=\"et_pb_module et_pb_text et_pb_text_7  et_pb_text_align_center et_pb_bg_layout_light\">\n<div class=\"et_pb_text_inner\">\n<p><span>\u201cLa actualizaci\u00f3n constante de nuestras tecnolog\u00edas y capital humano, hace de\u00a0 Industrial Recovery Solutions un servicio de excelencia sobresaliente.\u201d<\/span><\/p>\n<\/div>\n<\/div>\n<p>[\/et_pb_blurb][\/et_pb_column][\/et_pb_row][\/et_pb_section]<\/p>\n","protected":false},"excerpt":{"rendered":"<p>En IRS, somos l\u00edderes en soluciones integrales para la gesti\u00f3n de residuos, recolecci\u00f3n de scrap y log\u00edstica especializada. Con una s\u00f3lida trayectoria en el mercado, nos dedicamos a optimizar las operaciones de empresas industriales, comerciales y municipales, ofreciendo servicios confiables y equipos de alta calidad. Nuestro enfoque combina experiencia, tecnolog\u00eda avanzada y un compromiso con [&hellip;]<\/p>\n","protected":false},"author":1,"featured_media":0,"parent":0,"menu_order":0,"comment_status":"closed","ping_status":"closed","template":"","meta":{"_et_pb_use_builder":"on","_et_pb_old_content":"<!-- wp:divi\/placeholder \/-->","_et_gb_content_width":"","om_disable_all_campaigns":false,"footnotes":""},"class_list":["post-250","page","type-page","status-publish","hentry"],"yoast_head":"<!-- This site is optimized with the Yoast SEO plugin v27.4 - https:\/\/yoast.com\/product\/yoast-seo-wordpress\/ -->\n<title>Quienes somos - INDUSTRIAL RECOVERY SOLUTIONS<\/title>\n<meta name=\"robots\" content=\"index, follow, max-snippet:-1, max-image-preview:large, max-video-preview:-1\" \/>\n<link rel=\"canonical\" href=\"https:\/\/irecover.mx\/index.php\/quienes-somos\/\" \/>\n<meta property=\"og:locale\" content=\"es_ES\" \/>\n<meta property=\"og:type\" content=\"article\" \/>\n<meta property=\"og:title\" content=\"Quienes somos - INDUSTRIAL RECOVERY SOLUTIONS\" \/>\n<meta property=\"og:description\" content=\"En IRS, somos l\u00edderes en soluciones integrales para la gesti\u00f3n de residuos, recolecci\u00f3n de scrap y log\u00edstica especializada. Con una s\u00f3lida trayectoria en el mercado, nos dedicamos a optimizar las operaciones de empresas industriales, comerciales y municipales, ofreciendo servicios confiables y equipos de alta calidad. Nuestro enfoque combina experiencia, tecnolog\u00eda avanzada y un compromiso con [&hellip;]\" \/>\n<meta property=\"og:url\" content=\"https:\/\/irecover.mx\/index.php\/quienes-somos\/\" \/>\n<meta property=\"og:site_name\" content=\"INDUSTRIAL RECOVERY SOLUTIONS\" \/>\n<meta property=\"article:modified_time\" content=\"2025-05-27T01:47:05+00:00\" \/>\n<meta name=\"twitter:card\" content=\"summary_large_image\" \/>\n<meta name=\"twitter:label1\" content=\"Tiempo de lectura\" \/>\n\t<meta name=\"twitter:data1\" content=\"4 minutos\" \/>\n<script type=\"application\/ld+json\" class=\"yoast-schema-graph\">{\"@context\":\"https:\\\/\\\/schema.org\",\"@graph\":[{\"@type\":\"WebPage\",\"@id\":\"https:\\\/\\\/irecover.mx\\\/index.php\\\/quienes-somos\\\/\",\"url\":\"https:\\\/\\\/irecover.mx\\\/index.php\\\/quienes-somos\\\/\",\"name\":\"Quienes somos - INDUSTRIAL RECOVERY SOLUTIONS\",\"isPartOf\":{\"@id\":\"https:\\\/\\\/irecover.mx\\\/#website\"},\"datePublished\":\"2025-01-04T21:03:55+00:00\",\"dateModified\":\"2025-05-27T01:47:05+00:00\",\"breadcrumb\":{\"@id\":\"https:\\\/\\\/irecover.mx\\\/index.php\\\/quienes-somos\\\/#breadcrumb\"},\"inLanguage\":\"es\",\"potentialAction\":[{\"@type\":\"ReadAction\",\"target\":[\"https:\\\/\\\/irecover.mx\\\/index.php\\\/quienes-somos\\\/\"]}]},{\"@type\":\"BreadcrumbList\",\"@id\":\"https:\\\/\\\/irecover.mx\\\/index.php\\\/quienes-somos\\\/#breadcrumb\",\"itemListElement\":[{\"@type\":\"ListItem\",\"position\":1,\"name\":\"Portada\",\"item\":\"https:\\\/\\\/irecover.mx\\\/\"},{\"@type\":\"ListItem\",\"position\":2,\"name\":\"Quienes somos\"}]},{\"@type\":\"WebSite\",\"@id\":\"https:\\\/\\\/irecover.mx\\\/#website\",\"url\":\"https:\\\/\\\/irecover.mx\\\/\",\"name\":\"ROLL OFF SERVICE | GESTION INTEGRAL DE RESIDUOS Y CONTROL DE SCRAP\",\"description\":\"Recolecciones de Scrap industrial, chatarra y metales.\",\"potentialAction\":[{\"@type\":\"SearchAction\",\"target\":{\"@type\":\"EntryPoint\",\"urlTemplate\":\"https:\\\/\\\/irecover.mx\\\/?s={search_term_string}\"},\"query-input\":{\"@type\":\"PropertyValueSpecification\",\"valueRequired\":true,\"valueName\":\"search_term_string\"}}],\"inLanguage\":\"es\"}]}<\/script>\n<!-- \/ Yoast SEO plugin. -->","yoast_head_json":{"title":"Quienes somos - INDUSTRIAL RECOVERY SOLUTIONS","robots":{"index":"index","follow":"follow","max-snippet":"max-snippet:-1","max-image-preview":"max-image-preview:large","max-video-preview":"max-video-preview:-1"},"canonical":"https:\/\/irecover.mx\/index.php\/quienes-somos\/","og_locale":"es_ES","og_type":"article","og_title":"Quienes somos - INDUSTRIAL RECOVERY SOLUTIONS","og_description":"En IRS, somos l\u00edderes en soluciones integrales para la gesti\u00f3n de residuos, recolecci\u00f3n de scrap y log\u00edstica especializada. Con una s\u00f3lida trayectoria en el mercado, nos dedicamos a optimizar las operaciones de empresas industriales, comerciales y municipales, ofreciendo servicios confiables y equipos de alta calidad. Nuestro enfoque combina experiencia, tecnolog\u00eda avanzada y un compromiso con [&hellip;]","og_url":"https:\/\/irecover.mx\/index.php\/quienes-somos\/","og_site_name":"INDUSTRIAL RECOVERY SOLUTIONS","article_modified_time":"2025-05-27T01:47:05+00:00","twitter_card":"summary_large_image","twitter_misc":{"Tiempo de lectura":"4 minutos"},"schema":{"@context":"https:\/\/schema.org","@graph":[{"@type":"WebPage","@id":"https:\/\/irecover.mx\/index.php\/quienes-somos\/","url":"https:\/\/irecover.mx\/index.php\/quienes-somos\/","name":"Quienes somos - INDUSTRIAL RECOVERY SOLUTIONS","isPartOf":{"@id":"https:\/\/irecover.mx\/#website"},"datePublished":"2025-01-04T21:03:55+00:00","dateModified":"2025-05-27T01:47:05+00:00","breadcrumb":{"@id":"https:\/\/irecover.mx\/index.php\/quienes-somos\/#breadcrumb"},"inLanguage":"es","potentialAction":[{"@type":"ReadAction","target":["https:\/\/irecover.mx\/index.php\/quienes-somos\/"]}]},{"@type":"BreadcrumbList","@id":"https:\/\/irecover.mx\/index.php\/quienes-somos\/#breadcrumb","itemListElement":[{"@type":"ListItem","position":1,"name":"Portada","item":"https:\/\/irecover.mx\/"},{"@type":"ListItem","position":2,"name":"Quienes somos"}]},{"@type":"WebSite","@id":"https:\/\/irecover.mx\/#website","url":"https:\/\/irecover.mx\/","name":"ROLL OFF SERVICE | GESTION INTEGRAL DE RESIDUOS Y CONTROL DE SCRAP","description":"Recolecciones de Scrap industrial, chatarra y metales.","potentialAction":[{"@type":"SearchAction","target":{"@type":"EntryPoint","urlTemplate":"https:\/\/irecover.mx\/?s={search_term_string}"},"query-input":{"@type":"PropertyValueSpecification","valueRequired":true,"valueName":"search_term_string"}}],"inLanguage":"es"}]}},"_links":{"self":[{"href":"https:\/\/irecover.mx\/index.php\/wp-json\/wp\/v2\/pages\/250","targetHints":{"allow":["GET"]}}],"collection":[{"href":"https:\/\/irecover.mx\/index.php\/wp-json\/wp\/v2\/pages"}],"about":[{"href":"https:\/\/irecover.mx\/index.php\/wp-json\/wp\/v2\/types\/page"}],"author":[{"embeddable":true,"href":"https:\/\/irecover.mx\/index.php\/wp-json\/wp\/v2\/users\/1"}],"replies":[{"embeddable":true,"href":"https:\/\/irecover.mx\/index.php\/wp-json\/wp\/v2\/comments?post=250"}],"version-history":[{"count":7,"href":"https:\/\/irecover.mx\/index.php\/wp-json\/wp\/v2\/pages\/250\/revisions"}],"predecessor-version":[{"id":539,"href":"https:\/\/irecover.mx\/index.php\/wp-json\/wp\/v2\/pages\/250\/revisions\/539"}],"wp:attachment":[{"href":"https:\/\/irecover.mx\/index.php\/wp-json\/wp\/v2\/media?parent=250"}],"curies":[{"name":"wp","href":"https:\/\/api.w.org\/{rel}","templated":true}]}}