{"id":230,"date":"2025-01-04T20:46:21","date_gmt":"2025-01-04T20:46:21","guid":{"rendered":"https:\/\/irecover.mx\/?page_id=230"},"modified":"2025-05-27T16:49:26","modified_gmt":"2025-05-27T16:49:26","slug":"gruas-chatarreras-para-residuos","status":"publish","type":"page","link":"https:\/\/irecover.mx\/index.php\/nuestras-soluciones\/gruas-chatarreras-para-residuos\/","title":{"rendered":"Gr\u00faas chatarreras para residuos"},"content":{"rendered":"<p>[et_pb_section fb_built=\u00bb1&#8243; fullwidth=\u00bbon\u00bb _builder_version=\u00bb4.27.4&#8243; _module_preset=\u00bbdefault\u00bb da_disable_devices=\u00bboff|off|off\u00bb global_colors_info=\u00bb{}\u00bb da_is_popup=\u00bboff\u00bb da_exit_intent=\u00bboff\u00bb da_has_close=\u00bbon\u00bb da_alt_close=\u00bboff\u00bb da_dark_close=\u00bboff\u00bb da_not_modal=\u00bbon\u00bb da_is_singular=\u00bboff\u00bb da_with_loader=\u00bboff\u00bb da_has_shadow=\u00bbon\u00bb][et_pb_fullwidth_slider show_arrows=\u00bboff\u00bb show_pagination=\u00bboff\u00bb _builder_version=\u00bb4.27.4&#8243; _module_preset=\u00bbdefault\u00bb background_color=\u00bbrgba(0,0,0,0.74)\u00bb background_image=\u00bbhttps:\/\/irecover.mx\/wp-content\/uploads\/2025\/01\/Imagen-de-WhatsApp-2024-01-11-a-las-12.54.07_829bd4b8.jpg\u00bb background_blend=\u00bbmultiply\u00bb custom_padding=\u00bb171px||166px|||\u00bb global_colors_info=\u00bb{}\u00bb][et_pb_slide heading=\u00bbGr\u00faas Chatarreras\u00bb _builder_version=\u00bb4.27.4&#8243; _module_preset=\u00bbdefault\u00bb header_level=\u00bbh1&#8243; header_font=\u00bbRoboto|700|||||||\u00bb header_font_size=\u00bb83px\u00bb global_colors_info=\u00bb{}\u00bb sticky_transition=\u00bbon\u00bb][\/et_pb_slide][\/et_pb_fullwidth_slider][\/et_pb_section][et_pb_section fb_built=\u00bb1&#8243; _builder_version=\u00bb4.27.4&#8243; _module_preset=\u00bbdefault\u00bb width=\u00bb100%\u00bb max_width=\u00bb100%\u00bb custom_padding=\u00bb13px||0px|||\u00bb da_disable_devices=\u00bboff|off|off\u00bb global_colors_info=\u00bb{}\u00bb da_is_popup=\u00bboff\u00bb da_exit_intent=\u00bboff\u00bb da_has_close=\u00bbon\u00bb da_alt_close=\u00bboff\u00bb da_dark_close=\u00bboff\u00bb da_not_modal=\u00bbon\u00bb da_is_singular=\u00bboff\u00bb da_with_loader=\u00bboff\u00bb da_has_shadow=\u00bbon\u00bb][et_pb_row column_structure=\u00bb1_3,2_3&#8243; _builder_version=\u00bb4.27.4&#8243; _module_preset=\u00bbdefault\u00bb width=\u00bb90%\u00bb max_width=\u00bb80%\u00bb global_colors_info=\u00bb{}\u00bb][et_pb_column type=\u00bb1_3&#8243; _builder_version=\u00bb4.27.4&#8243; _module_preset=\u00bbdefault\u00bb global_colors_info=\u00bb{}\u00bb][et_pb_text _builder_version=\u00bb4.27.4&#8243; _module_preset=\u00bbdefault\u00bb text_font=\u00bbRoboto||||||||\u00bb text_text_color=\u00bb#d7c000&#8243; text_font_size=\u00bb30px\u00bb text_line_height=\u00bb1.1em\u00bb hover_enabled=\u00bb0&#8243; border_width_right=\u00bb1px\u00bb border_color_right=\u00bb#999999&#8243; global_colors_info=\u00bb{}\u00bb sticky_enabled=\u00bb0&#8243;]<\/p>\n<p>Gr\u00faas Chatarreras para residuos industriales<\/p>\n<p>[\/et_pb_text][\/et_pb_column][et_pb_column type=\u00bb2_3&#8243; _builder_version=\u00bb4.27.4&#8243; _module_preset=\u00bbdefault\u00bb global_colors_info=\u00bb{}\u00bb][et_pb_text _builder_version=\u00bb4.27.4&#8243; _module_preset=\u00bbdefault\u00bb text_font=\u00bbRoboto||||||||\u00bb text_font_size=\u00bb16px\u00bb global_colors_info=\u00bb{}\u00bb]<\/p>\n<p style=\"text-align: justify;\">Las gr\u00faas chatarreras son herramientas esenciales para la manipulaci\u00f3n eficiente de materiales met\u00e1licos y residuos industriales. Dise\u00f1adas para soportar las exigencias de la industria del scrap, estas gr\u00faas destacan por su robustez, versatilidad y capacidad de optimizar el flujo de trabajo en patios de reciclaje, plantas industriales y proyectos de demolici\u00f3n.<\/p>\n<p>[\/et_pb_text][\/et_pb_column][\/et_pb_row][\/et_pb_section][et_pb_section fb_built=\u00bb1&#8243; _builder_version=\u00bb4.27.4&#8243; _module_preset=\u00bbdefault\u00bb background_color=\u00bb#000000&#8243; background_enable_image=\u00bboff\u00bb background_blend=\u00bbmultiply\u00bb width=\u00bb100%\u00bb max_width=\u00bb100%\u00bb custom_padding=\u00bb13px||0px|||\u00bb hover_enabled=\u00bb0&#8243; da_disable_devices=\u00bboff|off|off\u00bb global_colors_info=\u00bb{}\u00bb sticky_enabled=\u00bb0&#8243; da_is_popup=\u00bboff\u00bb da_exit_intent=\u00bboff\u00bb da_has_close=\u00bbon\u00bb da_alt_close=\u00bboff\u00bb da_dark_close=\u00bboff\u00bb da_not_modal=\u00bbon\u00bb da_is_singular=\u00bboff\u00bb da_with_loader=\u00bboff\u00bb da_has_shadow=\u00bbon\u00bb][et_pb_row column_structure=\u00bb1_2,1_2&#8243; use_custom_gutter=\u00bbon\u00bb gutter_width=\u00bb1&#8243; _builder_version=\u00bb4.27.4&#8243; _module_preset=\u00bbdefault\u00bb width=\u00bb90%\u00bb max_width=\u00bb80%\u00bb global_colors_info=\u00bb{}\u00bb][et_pb_column type=\u00bb1_2&#8243; _builder_version=\u00bb4.27.4&#8243; _module_preset=\u00bbdefault\u00bb global_colors_info=\u00bb{}\u00bb][et_pb_text _builder_version=\u00bb4.27.4&#8243; _module_preset=\u00bbdefault\u00bb text_font=\u00bbRoboto||||||||\u00bb text_text_color=\u00bb#FFFFFF\u00bb text_font_size=\u00bb16px\u00bb background_color=\u00bbrgba(0,0,0,0.61)\u00bb custom_margin=\u00bb||||true\u00bb custom_padding=\u00bb13px|20px|13px|20px|true|true\u00bb global_colors_info=\u00bb{}\u00bb]<\/p>\n<p style=\"text-align: justify;\"><strong>Soluciones Adaptadas a Cada Proyecto<\/strong><br \/>Con un dise\u00f1o especializado, las gr\u00faas chatarreras permiten una manipulaci\u00f3n precisa de materiales como acero, cobre, aluminio y otros metales ferrosos y no ferrosos. Equipadas con sistemas hidr\u00e1ulicos avanzados y accesorios como poligrapas e imanes, ofrecen una soluci\u00f3n completa para la recolecci\u00f3n, clasificaci\u00f3n y carga de scrap.<\/p>\n<p style=\"text-align: justify;\">Estas gr\u00faas est\u00e1n dise\u00f1adas para operar en diversas condiciones, desde entornos industriales hasta patios de reciclaje al aire libre. Su capacidad de adaptarse a diferentes tipos de carga y terrenos garantiza un desempe\u00f1o confiable en cualquier proyecto.<\/p>\n<p style=\"text-align: justify;\"><strong>Beneficios de las Gr\u00faas Chatarreras<\/strong><\/p>\n<ul style=\"text-align: justify;\">\n<li><strong>Eficiencia Operativa:<\/strong> Aceleran los procesos de recolecci\u00f3n y carga de materiales, reduciendo tiempos y costos operativos.<\/li>\n<li><strong>Versatilidad:<\/strong> Compatibles con una amplia gama de accesorios, como poligrapas y electroimanes, para adaptarse a distintas necesidades de manipulaci\u00f3n.<\/li>\n<li><strong>Durabilidad:<\/strong> Construidas con materiales de alta resistencia, dise\u00f1adas para soportar cargas pesadas y condiciones extremas.<\/li>\n<li><strong>Seguridad:<\/strong> Equipadas con sistemas de control precisos y estabilizadores que garantizan operaciones seguras para el operador y el entorno.<\/li>\n<li><strong>Sostenibilidad:<\/strong> Facilitan la clasificaci\u00f3n y reciclaje de materiales, promoviendo pr\u00e1cticas responsables y sostenibles.<\/li>\n<\/ul>\n<ul style=\"text-align: justify;\"><\/ul>\n<p>[\/et_pb_text][\/et_pb_column][et_pb_column type=\u00bb1_2&#8243; _builder_version=\u00bb4.27.4&#8243; _module_preset=\u00bbdefault\u00bb global_colors_info=\u00bb{}\u00bb][et_pb_gallery gallery_ids=\u00bb379,105,432,433&#8243; show_title_and_caption=\u00bboff\u00bb show_pagination=\u00bboff\u00bb _builder_version=\u00bb4.27.4&#8243; _module_preset=\u00bbdefault\u00bb caption_text_align=\u00bbcenter\u00bb module_alignment=\u00bbcenter\u00bb custom_padding=\u00bb54px||||false|false\u00bb box_shadow_style_image=\u00bbpreset2&#8243; global_colors_info=\u00bb{}\u00bb][\/et_pb_gallery][\/et_pb_column][\/et_pb_row][\/et_pb_section][et_pb_section fb_built=\u00bb1&#8243; _builder_version=\u00bb4.27.4&#8243; _module_preset=\u00bbdefault\u00bb custom_padding=\u00bb||32px|||\u00bb da_disable_devices=\u00bboff|off|off\u00bb global_colors_info=\u00bb{}\u00bb da_is_popup=\u00bboff\u00bb da_exit_intent=\u00bboff\u00bb da_has_close=\u00bbon\u00bb da_alt_close=\u00bboff\u00bb da_dark_close=\u00bboff\u00bb da_not_modal=\u00bbon\u00bb da_is_singular=\u00bboff\u00bb da_with_loader=\u00bboff\u00bb da_has_shadow=\u00bbon\u00bb][et_pb_row _builder_version=\u00bb4.27.4&#8243; _module_preset=\u00bbdefault\u00bb global_colors_info=\u00bb{}\u00bb][et_pb_column type=\u00bb4_4&#8243; _builder_version=\u00bb4.27.4&#8243; _module_preset=\u00bbdefault\u00bb global_colors_info=\u00bb{}\u00bb][et_pb_text _builder_version=\u00bb4.27.4&#8243; _module_preset=\u00bbdefault\u00bb text_font=\u00bbActor||on||||||\u00bb text_font_size=\u00bb41px\u00bb text_line_height=\u00bb1em\u00bb custom_padding=\u00bb||15px||false|false\u00bb global_colors_info=\u00bb{}\u00bb]<\/p>\n<p style=\"text-align: center;\"><strong>El Aliado Perfecto para el Manejo de Scrap<\/strong><br \/><strong>La Herramienta Clave para el Manejo de Scrap<\/strong><br \/>En IRS, ofrecemos gr\u00faas chatarreras de alta calidad, dise\u00f1adas para maximizar la eficiencia en el manejo de materiales met\u00e1licos. Con equipos modernos y un enfoque centrado en las necesidades de cada cliente, proporcionamos soluciones que optimizan las operaciones y garantizan resultados excepcionales.<\/p>\n<p>[\/et_pb_text][\/et_pb_column][\/et_pb_row][\/et_pb_section]<\/p>\n","protected":false},"excerpt":{"rendered":"<p>Gr\u00faas Chatarreras para residuos industrialesLas gr\u00faas chatarreras son herramientas esenciales para la manipulaci\u00f3n eficiente de materiales met\u00e1licos y residuos industriales. Dise\u00f1adas para soportar las exigencias de la industria del scrap, estas gr\u00faas destacan por su robustez, versatilidad y capacidad de optimizar el flujo de trabajo en patios de reciclaje, plantas industriales y proyectos de demolici\u00f3n.Soluciones [&hellip;]<\/p>\n","protected":false},"author":1,"featured_media":0,"parent":220,"menu_order":0,"comment_status":"closed","ping_status":"closed","template":"","meta":{"_et_pb_use_builder":"on","_et_pb_old_content":"<!-- wp:divi\/placeholder \/-->","_et_gb_content_width":"","om_disable_all_campaigns":false,"footnotes":""},"class_list":["post-230","page","type-page","status-publish","hentry"],"yoast_head":"<!-- This site is optimized with the Yoast SEO plugin v27.4 - https:\/\/yoast.com\/product\/yoast-seo-wordpress\/ -->\n<title>Gr\u00faas chatarreras para residuos - INDUSTRIAL RECOVERY SOLUTIONS<\/title>\n<meta name=\"description\" content=\"Gr\u00faas chatarreras para residuos: optimiza la recolecci\u00f3n y manejo de materiales met\u00e1licos con equipos vers\u00e1tiles y resistentes.\" \/>\n<meta name=\"robots\" content=\"index, follow, max-snippet:-1, max-image-preview:large, max-video-preview:-1\" \/>\n<link rel=\"canonical\" href=\"https:\/\/irecover.mx\/index.php\/nuestras-soluciones\/gruas-chatarreras-para-residuos\/\" \/>\n<meta property=\"og:locale\" content=\"es_ES\" \/>\n<meta property=\"og:type\" content=\"article\" \/>\n<meta property=\"og:title\" content=\"Gr\u00faas chatarreras para residuos - INDUSTRIAL RECOVERY SOLUTIONS\" \/>\n<meta property=\"og:description\" content=\"Gr\u00faas chatarreras para residuos: optimiza la recolecci\u00f3n y manejo de materiales met\u00e1licos con equipos vers\u00e1tiles y resistentes.\" \/>\n<meta property=\"og:url\" content=\"https:\/\/irecover.mx\/index.php\/nuestras-soluciones\/gruas-chatarreras-para-residuos\/\" \/>\n<meta property=\"og:site_name\" content=\"INDUSTRIAL RECOVERY SOLUTIONS\" \/>\n<meta property=\"article:modified_time\" content=\"2025-05-27T16:49:26+00:00\" \/>\n<meta name=\"twitter:card\" content=\"summary_large_image\" \/>\n<meta name=\"twitter:label1\" content=\"Tiempo de lectura\" \/>\n\t<meta name=\"twitter:data1\" content=\"3 minutos\" \/>\n<script type=\"application\/ld+json\" class=\"yoast-schema-graph\">{\"@context\":\"https:\\\/\\\/schema.org\",\"@graph\":[{\"@type\":\"WebPage\",\"@id\":\"https:\\\/\\\/irecover.mx\\\/index.php\\\/nuestras-soluciones\\\/gruas-chatarreras-para-residuos\\\/\",\"url\":\"https:\\\/\\\/irecover.mx\\\/index.php\\\/nuestras-soluciones\\\/gruas-chatarreras-para-residuos\\\/\",\"name\":\"Gr\u00faas chatarreras para residuos - INDUSTRIAL RECOVERY SOLUTIONS\",\"isPartOf\":{\"@id\":\"https:\\\/\\\/irecover.mx\\\/#website\"},\"datePublished\":\"2025-01-04T20:46:21+00:00\",\"dateModified\":\"2025-05-27T16:49:26+00:00\",\"description\":\"Gr\u00faas chatarreras para residuos: optimiza la recolecci\u00f3n y manejo de materiales met\u00e1licos con equipos vers\u00e1tiles y resistentes.\",\"breadcrumb\":{\"@id\":\"https:\\\/\\\/irecover.mx\\\/index.php\\\/nuestras-soluciones\\\/gruas-chatarreras-para-residuos\\\/#breadcrumb\"},\"inLanguage\":\"es\",\"potentialAction\":[{\"@type\":\"ReadAction\",\"target\":[\"https:\\\/\\\/irecover.mx\\\/index.php\\\/nuestras-soluciones\\\/gruas-chatarreras-para-residuos\\\/\"]}]},{\"@type\":\"BreadcrumbList\",\"@id\":\"https:\\\/\\\/irecover.mx\\\/index.php\\\/nuestras-soluciones\\\/gruas-chatarreras-para-residuos\\\/#breadcrumb\",\"itemListElement\":[{\"@type\":\"ListItem\",\"position\":1,\"name\":\"Portada\",\"item\":\"https:\\\/\\\/irecover.mx\\\/\"},{\"@type\":\"ListItem\",\"position\":2,\"name\":\"Nuestras soluciones\",\"item\":\"https:\\\/\\\/irecover.mx\\\/index.php\\\/nuestras-soluciones\\\/\"},{\"@type\":\"ListItem\",\"position\":3,\"name\":\"Gr\u00faas chatarreras para residuos\"}]},{\"@type\":\"WebSite\",\"@id\":\"https:\\\/\\\/irecover.mx\\\/#website\",\"url\":\"https:\\\/\\\/irecover.mx\\\/\",\"name\":\"ROLL OFF SERVICE | GESTION INTEGRAL DE RESIDUOS Y CONTROL DE SCRAP\",\"description\":\"Recolecciones de Scrap industrial, chatarra y metales.\",\"potentialAction\":[{\"@type\":\"SearchAction\",\"target\":{\"@type\":\"EntryPoint\",\"urlTemplate\":\"https:\\\/\\\/irecover.mx\\\/?s={search_term_string}\"},\"query-input\":{\"@type\":\"PropertyValueSpecification\",\"valueRequired\":true,\"valueName\":\"search_term_string\"}}],\"inLanguage\":\"es\"}]}<\/script>\n<!-- \/ Yoast SEO plugin. -->","yoast_head_json":{"title":"Gr\u00faas chatarreras para residuos - INDUSTRIAL RECOVERY SOLUTIONS","description":"Gr\u00faas chatarreras para residuos: optimiza la recolecci\u00f3n y manejo de materiales met\u00e1licos con equipos vers\u00e1tiles y resistentes.","robots":{"index":"index","follow":"follow","max-snippet":"max-snippet:-1","max-image-preview":"max-image-preview:large","max-video-preview":"max-video-preview:-1"},"canonical":"https:\/\/irecover.mx\/index.php\/nuestras-soluciones\/gruas-chatarreras-para-residuos\/","og_locale":"es_ES","og_type":"article","og_title":"Gr\u00faas chatarreras para residuos - INDUSTRIAL RECOVERY SOLUTIONS","og_description":"Gr\u00faas chatarreras para residuos: optimiza la recolecci\u00f3n y manejo de materiales met\u00e1licos con equipos vers\u00e1tiles y resistentes.","og_url":"https:\/\/irecover.mx\/index.php\/nuestras-soluciones\/gruas-chatarreras-para-residuos\/","og_site_name":"INDUSTRIAL RECOVERY SOLUTIONS","article_modified_time":"2025-05-27T16:49:26+00:00","twitter_card":"summary_large_image","twitter_misc":{"Tiempo de lectura":"3 minutos"},"schema":{"@context":"https:\/\/schema.org","@graph":[{"@type":"WebPage","@id":"https:\/\/irecover.mx\/index.php\/nuestras-soluciones\/gruas-chatarreras-para-residuos\/","url":"https:\/\/irecover.mx\/index.php\/nuestras-soluciones\/gruas-chatarreras-para-residuos\/","name":"Gr\u00faas chatarreras para residuos - INDUSTRIAL RECOVERY SOLUTIONS","isPartOf":{"@id":"https:\/\/irecover.mx\/#website"},"datePublished":"2025-01-04T20:46:21+00:00","dateModified":"2025-05-27T16:49:26+00:00","description":"Gr\u00faas chatarreras para residuos: optimiza la recolecci\u00f3n y manejo de materiales met\u00e1licos con equipos vers\u00e1tiles y resistentes.","breadcrumb":{"@id":"https:\/\/irecover.mx\/index.php\/nuestras-soluciones\/gruas-chatarreras-para-residuos\/#breadcrumb"},"inLanguage":"es","potentialAction":[{"@type":"ReadAction","target":["https:\/\/irecover.mx\/index.php\/nuestras-soluciones\/gruas-chatarreras-para-residuos\/"]}]},{"@type":"BreadcrumbList","@id":"https:\/\/irecover.mx\/index.php\/nuestras-soluciones\/gruas-chatarreras-para-residuos\/#breadcrumb","itemListElement":[{"@type":"ListItem","position":1,"name":"Portada","item":"https:\/\/irecover.mx\/"},{"@type":"ListItem","position":2,"name":"Nuestras soluciones","item":"https:\/\/irecover.mx\/index.php\/nuestras-soluciones\/"},{"@type":"ListItem","position":3,"name":"Gr\u00faas chatarreras para residuos"}]},{"@type":"WebSite","@id":"https:\/\/irecover.mx\/#website","url":"https:\/\/irecover.mx\/","name":"ROLL OFF SERVICE | GESTION INTEGRAL DE RESIDUOS Y CONTROL DE SCRAP","description":"Recolecciones de Scrap industrial, chatarra y metales.","potentialAction":[{"@type":"SearchAction","target":{"@type":"EntryPoint","urlTemplate":"https:\/\/irecover.mx\/?s={search_term_string}"},"query-input":{"@type":"PropertyValueSpecification","valueRequired":true,"valueName":"search_term_string"}}],"inLanguage":"es"}]}},"_links":{"self":[{"href":"https:\/\/irecover.mx\/index.php\/wp-json\/wp\/v2\/pages\/230","targetHints":{"allow":["GET"]}}],"collection":[{"href":"https:\/\/irecover.mx\/index.php\/wp-json\/wp\/v2\/pages"}],"about":[{"href":"https:\/\/irecover.mx\/index.php\/wp-json\/wp\/v2\/types\/page"}],"author":[{"embeddable":true,"href":"https:\/\/irecover.mx\/index.php\/wp-json\/wp\/v2\/users\/1"}],"replies":[{"embeddable":true,"href":"https:\/\/irecover.mx\/index.php\/wp-json\/wp\/v2\/comments?post=230"}],"version-history":[{"count":7,"href":"https:\/\/irecover.mx\/index.php\/wp-json\/wp\/v2\/pages\/230\/revisions"}],"predecessor-version":[{"id":565,"href":"https:\/\/irecover.mx\/index.php\/wp-json\/wp\/v2\/pages\/230\/revisions\/565"}],"up":[{"embeddable":true,"href":"https:\/\/irecover.mx\/index.php\/wp-json\/wp\/v2\/pages\/220"}],"wp:attachment":[{"href":"https:\/\/irecover.mx\/index.php\/wp-json\/wp\/v2\/media?parent=230"}],"curies":[{"name":"wp","href":"https:\/\/api.w.org\/{rel}","templated":true}]}}