{"id":222,"date":"2025-01-04T20:44:31","date_gmt":"2025-01-04T20:44:31","guid":{"rendered":"https:\/\/irecover.mx\/?page_id=222"},"modified":"2025-05-27T16:27:46","modified_gmt":"2025-05-27T16:27:46","slug":"rolloff-recoleccion-residuos-y-scrap","status":"publish","type":"page","link":"https:\/\/irecover.mx\/index.php\/nuestras-soluciones\/rolloff-recoleccion-residuos-y-scrap\/","title":{"rendered":"RollOff Recolecci\u00f3n Residuos y SCRAP"},"content":{"rendered":"<p>[et_pb_section fb_built=\u00bb1&#8243; fullwidth=\u00bbon\u00bb _builder_version=\u00bb4.27.4&#8243; _module_preset=\u00bbdefault\u00bb da_disable_devices=\u00bboff|off|off\u00bb global_colors_info=\u00bb{}\u00bb da_is_popup=\u00bboff\u00bb da_exit_intent=\u00bboff\u00bb da_has_close=\u00bbon\u00bb da_alt_close=\u00bboff\u00bb da_dark_close=\u00bboff\u00bb da_not_modal=\u00bbon\u00bb da_is_singular=\u00bboff\u00bb da_with_loader=\u00bboff\u00bb da_has_shadow=\u00bbon\u00bb][et_pb_fullwidth_slider show_arrows=\u00bboff\u00bb show_pagination=\u00bboff\u00bb _builder_version=\u00bb4.27.4&#8243; _module_preset=\u00bbdefault\u00bb background_color=\u00bbrgba(0,0,0,0.74)\u00bb background_image=\u00bbhttps:\/\/irecover.mx\/wp-content\/uploads\/2025\/01\/1c872465-a200-459a-8320-46f3c7aada4f.jpg\u00bb background_blend=\u00bbmultiply\u00bb custom_padding=\u00bb171px||166px|||\u00bb global_colors_info=\u00bb{}\u00bb][et_pb_slide heading=\u00bbRoll Off de Cable\u00bb _builder_version=\u00bb4.27.4&#8243; _module_preset=\u00bbdefault\u00bb header_level=\u00bbh1&#8243; header_font=\u00bbRoboto|700|||||||\u00bb header_font_size=\u00bb83px\u00bb global_colors_info=\u00bb{}\u00bb sticky_transition=\u00bbon\u00bb][\/et_pb_slide][\/et_pb_fullwidth_slider][\/et_pb_section][et_pb_section fb_built=\u00bb1&#8243; _builder_version=\u00bb4.27.4&#8243; _module_preset=\u00bbdefault\u00bb width=\u00bb100%\u00bb max_width=\u00bb100%\u00bb custom_padding=\u00bb13px||0px|||\u00bb da_disable_devices=\u00bboff|off|off\u00bb global_colors_info=\u00bb{}\u00bb da_is_popup=\u00bboff\u00bb da_exit_intent=\u00bboff\u00bb da_has_close=\u00bbon\u00bb da_alt_close=\u00bboff\u00bb da_dark_close=\u00bboff\u00bb da_not_modal=\u00bbon\u00bb da_is_singular=\u00bboff\u00bb da_with_loader=\u00bboff\u00bb da_has_shadow=\u00bbon\u00bb][et_pb_row column_structure=\u00bb1_3,2_3&#8243; _builder_version=\u00bb4.27.4&#8243; _module_preset=\u00bbdefault\u00bb width=\u00bb90%\u00bb max_width=\u00bb80%\u00bb global_colors_info=\u00bb{}\u00bb][et_pb_column type=\u00bb1_3&#8243; _builder_version=\u00bb4.27.4&#8243; _module_preset=\u00bbdefault\u00bb global_colors_info=\u00bb{}\u00bb][et_pb_text _builder_version=\u00bb4.27.4&#8243; _module_preset=\u00bbdefault\u00bb text_font=\u00bbRoboto||||||||\u00bb text_text_color=\u00bb#d7c000&#8243; text_font_size=\u00bb30px\u00bb text_line_height=\u00bb1.1em\u00bb hover_enabled=\u00bb0&#8243; border_width_right=\u00bb1px\u00bb border_color_right=\u00bb#999999&#8243; global_colors_info=\u00bb{}\u00bb sticky_enabled=\u00bb0&#8243;]<\/p>\n<p>Sistemas de recolecci\u00f3n<\/p>\n<p>[\/et_pb_text][\/et_pb_column][et_pb_column type=\u00bb2_3&#8243; _builder_version=\u00bb4.27.4&#8243; _module_preset=\u00bbdefault\u00bb global_colors_info=\u00bb{}\u00bb][et_pb_text _builder_version=\u00bb4.27.4&#8243; _module_preset=\u00bbdefault\u00bb text_font=\u00bbRoboto||||||||\u00bb text_font_size=\u00bb16px\u00bb global_colors_info=\u00bb{}\u00bb]<\/p>\n<p style=\"text-align: justify;\">Los camiones roll off de cable son la herramienta ideal para optimizar las operaciones de recolecci\u00f3n, transporte y disposici\u00f3n de residuos y SCRAP. En IRS, contamos con unidades dise\u00f1adas para adaptarse a las necesidades m\u00e1s exigentes de la industria, ofreciendo rendimiento, versatilidad y durabilidad en cada proyecto.<\/p>\n<p>[\/et_pb_text][\/et_pb_column][\/et_pb_row][\/et_pb_section][et_pb_section fb_built=\u00bb1&#8243; _builder_version=\u00bb4.27.4&#8243; _module_preset=\u00bbdefault\u00bb background_color=\u00bb#000000&#8243; background_enable_image=\u00bboff\u00bb background_blend=\u00bbmultiply\u00bb width=\u00bb100%\u00bb max_width=\u00bb100%\u00bb custom_padding=\u00bb13px||0px|||\u00bb hover_enabled=\u00bb0&#8243; da_disable_devices=\u00bboff|off|off\u00bb global_colors_info=\u00bb{}\u00bb sticky_enabled=\u00bb0&#8243; da_is_popup=\u00bboff\u00bb da_exit_intent=\u00bboff\u00bb da_has_close=\u00bbon\u00bb da_alt_close=\u00bboff\u00bb da_dark_close=\u00bboff\u00bb da_not_modal=\u00bbon\u00bb da_is_singular=\u00bboff\u00bb da_with_loader=\u00bboff\u00bb da_has_shadow=\u00bbon\u00bb][et_pb_row column_structure=\u00bb1_2,1_2&#8243; use_custom_gutter=\u00bbon\u00bb gutter_width=\u00bb1&#8243; _builder_version=\u00bb4.27.4&#8243; _module_preset=\u00bbdefault\u00bb width=\u00bb90%\u00bb max_width=\u00bb80%\u00bb global_colors_info=\u00bb{}\u00bb][et_pb_column type=\u00bb1_2&#8243; _builder_version=\u00bb4.27.4&#8243; _module_preset=\u00bbdefault\u00bb global_colors_info=\u00bb{}\u00bb][et_pb_text _builder_version=\u00bb4.27.4&#8243; _module_preset=\u00bbdefault\u00bb text_font=\u00bbRoboto||||||||\u00bb text_text_color=\u00bb#FFFFFF\u00bb text_font_size=\u00bb21px\u00bb background_color=\u00bbrgba(0,0,0,0.61)\u00bb custom_margin=\u00bb||||true\u00bb custom_padding=\u00bb13px|20px|13px|20px|true|true\u00bb global_colors_info=\u00bb{}\u00bb]<\/p>\n<p style=\"text-align: justify;\">Nuestras unidades roll off de cable est\u00e1n dise\u00f1adas para manejar una amplia variedad de contenedores y materiales, desde residuos s\u00f3lidos urbanos hasta scrap met\u00e1lico de gran volumen. Su sistema de cable permite cargar y descargar de manera eficiente, reduciendo los tiempos de operaci\u00f3n y mejorando la productividad.<\/p>\n<p style=\"text-align: justify;\">Estas unidades son perfectas para proyectos industriales, comerciales y municipales, gracias a su capacidad para trabajar con contenedores de diferentes tama\u00f1os. Adem\u00e1s, su dise\u00f1o robusto garantiza un desempe\u00f1o confiable incluso en las condiciones m\u00e1s exigentes.<\/p>\n<p style=\"text-align: justify;\"><strong>Beneficios de los Camiones Roll Off de Cable<\/strong><\/p>\n<ul>\n<li style=\"text-align: justify;\"><strong>Eficiencia Operativa:<\/strong> La tecnolog\u00eda de cable permite un manejo r\u00e1pido y seguro de los contenedores, optimizando los tiempos de carga y descarga.<\/li>\n<li style=\"text-align: justify;\"><strong>Adaptabilidad:<\/strong> Compatibles con una amplia gama de contenedores, lo que los hace ideales para diferentes tipos de residuos y proyectos.<\/li>\n<li style=\"text-align: justify;\"><strong>Durabilidad:<\/strong> Construidos con materiales de alta resistencia, los camiones roll off de cable est\u00e1n dise\u00f1ados para soportar las demandas diarias de la operaci\u00f3n.<\/li>\n<li style=\"text-align: justify;\"><strong>Reducci\u00f3n de Costos:<\/strong> Al maximizar la capacidad de carga y minimizar los tiempos muertos, estas unidades contribuyen a una operaci\u00f3n m\u00e1s econ\u00f3mica y eficiente.<\/li>\n<\/ul>\n<p>[\/et_pb_text][\/et_pb_column][et_pb_column type=\u00bb1_2&#8243; _builder_version=\u00bb4.27.4&#8243; _module_preset=\u00bbdefault\u00bb global_colors_info=\u00bb{}\u00bb][et_pb_gallery gallery_ids=\u00bb346,347,282,262&#8243; show_title_and_caption=\u00bboff\u00bb show_pagination=\u00bboff\u00bb _builder_version=\u00bb4.27.4&#8243; _module_preset=\u00bbdefault\u00bb global_colors_info=\u00bb{}\u00bb][\/et_pb_gallery][\/et_pb_column][\/et_pb_row][\/et_pb_section][et_pb_section fb_built=\u00bb1&#8243; _builder_version=\u00bb4.27.4&#8243; _module_preset=\u00bbdefault\u00bb custom_padding=\u00bb||32px|||\u00bb da_disable_devices=\u00bboff|off|off\u00bb global_colors_info=\u00bb{}\u00bb da_is_popup=\u00bboff\u00bb da_exit_intent=\u00bboff\u00bb da_has_close=\u00bbon\u00bb da_alt_close=\u00bboff\u00bb da_dark_close=\u00bboff\u00bb da_not_modal=\u00bbon\u00bb da_is_singular=\u00bboff\u00bb da_with_loader=\u00bboff\u00bb da_has_shadow=\u00bbon\u00bb][et_pb_row _builder_version=\u00bb4.27.4&#8243; _module_preset=\u00bbdefault\u00bb global_colors_info=\u00bb{}\u00bb][et_pb_column type=\u00bb4_4&#8243; _builder_version=\u00bb4.27.4&#8243; _module_preset=\u00bbdefault\u00bb global_colors_info=\u00bb{}\u00bb][et_pb_text _builder_version=\u00bb4.27.4&#8243; _module_preset=\u00bbdefault\u00bb text_font=\u00bbActor||on||||||\u00bb text_font_size=\u00bb41px\u00bb text_line_height=\u00bb1em\u00bb custom_padding=\u00bb||15px||false|false\u00bb global_colors_info=\u00bb{}\u00bb]<\/p>\n<p style=\"text-align: center;\"><strong>El Aliado Perfecto para el Manejo de Scrap<\/strong><br \/>Con nuestras unidades roll off de cable, las empresas pueden enfocarse en sus operaciones principales mientras nosotros nos encargamos de la recolecci\u00f3n y transporte de materiales. Esto asegura un flujo continuo y sin interrupciones, convirtiendo el manejo de residuos en un proceso eficiente y sin complicaciones.<\/p>\n<p>[\/et_pb_text][\/et_pb_column][\/et_pb_row][\/et_pb_section]<\/p>\n","protected":false},"excerpt":{"rendered":"<p>Sistemas de recolecci\u00f3nLos camiones roll off de cable son la herramienta ideal para optimizar las operaciones de recolecci\u00f3n, transporte y disposici\u00f3n de residuos y SCRAP. En IRS, contamos con unidades dise\u00f1adas para adaptarse a las necesidades m\u00e1s exigentes de la industria, ofreciendo rendimiento, versatilidad y durabilidad en cada proyecto.Nuestras unidades roll off de cable est\u00e1n [&hellip;]<\/p>\n","protected":false},"author":1,"featured_media":0,"parent":220,"menu_order":0,"comment_status":"closed","ping_status":"closed","template":"","meta":{"_et_pb_use_builder":"on","_et_pb_old_content":"<!-- wp:divi\/placeholder \/-->","_et_gb_content_width":"","om_disable_all_campaigns":false,"footnotes":""},"class_list":["post-222","page","type-page","status-publish","hentry"],"yoast_head":"<!-- This site is optimized with the Yoast SEO plugin v27.4 - https:\/\/yoast.com\/product\/yoast-seo-wordpress\/ -->\n<title>RollOff Recolecci\u00f3n Residuos y SCRAP<\/title>\n<meta name=\"description\" content=\"La mejor alternativa para la recolecci\u00f3n de residuos y SCRAP industrial es un rolloff, nosotros tenemos unidades disponibles todo el a\u00f1o.\" \/>\n<meta name=\"robots\" content=\"index, follow, max-snippet:-1, max-image-preview:large, max-video-preview:-1\" \/>\n<link rel=\"canonical\" href=\"https:\/\/irecover.mx\/index.php\/nuestras-soluciones\/rolloff-recoleccion-residuos-y-scrap\/\" \/>\n<meta property=\"og:locale\" content=\"es_ES\" \/>\n<meta property=\"og:type\" content=\"article\" \/>\n<meta property=\"og:title\" content=\"RollOff Recolecci\u00f3n Residuos y SCRAP\" \/>\n<meta property=\"og:description\" content=\"La mejor alternativa para la recolecci\u00f3n de residuos y SCRAP industrial es un rolloff, nosotros tenemos unidades disponibles todo el a\u00f1o.\" \/>\n<meta property=\"og:url\" content=\"https:\/\/irecover.mx\/index.php\/nuestras-soluciones\/rolloff-recoleccion-residuos-y-scrap\/\" \/>\n<meta property=\"og:site_name\" content=\"INDUSTRIAL RECOVERY SOLUTIONS\" \/>\n<meta property=\"article:modified_time\" content=\"2025-05-27T16:27:46+00:00\" \/>\n<meta name=\"twitter:card\" content=\"summary_large_image\" \/>\n<meta name=\"twitter:label1\" content=\"Tiempo de lectura\" \/>\n\t<meta name=\"twitter:data1\" content=\"3 minutos\" \/>\n<script type=\"application\/ld+json\" class=\"yoast-schema-graph\">{\"@context\":\"https:\\\/\\\/schema.org\",\"@graph\":[{\"@type\":\"WebPage\",\"@id\":\"https:\\\/\\\/irecover.mx\\\/index.php\\\/nuestras-soluciones\\\/rolloff-recoleccion-residuos-y-scrap\\\/\",\"url\":\"https:\\\/\\\/irecover.mx\\\/index.php\\\/nuestras-soluciones\\\/rolloff-recoleccion-residuos-y-scrap\\\/\",\"name\":\"RollOff Recolecci\u00f3n Residuos y SCRAP\",\"isPartOf\":{\"@id\":\"https:\\\/\\\/irecover.mx\\\/#website\"},\"datePublished\":\"2025-01-04T20:44:31+00:00\",\"dateModified\":\"2025-05-27T16:27:46+00:00\",\"description\":\"La mejor alternativa para la recolecci\u00f3n de residuos y SCRAP industrial es un rolloff, nosotros tenemos unidades disponibles todo el a\u00f1o.\",\"breadcrumb\":{\"@id\":\"https:\\\/\\\/irecover.mx\\\/index.php\\\/nuestras-soluciones\\\/rolloff-recoleccion-residuos-y-scrap\\\/#breadcrumb\"},\"inLanguage\":\"es\",\"potentialAction\":[{\"@type\":\"ReadAction\",\"target\":[\"https:\\\/\\\/irecover.mx\\\/index.php\\\/nuestras-soluciones\\\/rolloff-recoleccion-residuos-y-scrap\\\/\"]}]},{\"@type\":\"BreadcrumbList\",\"@id\":\"https:\\\/\\\/irecover.mx\\\/index.php\\\/nuestras-soluciones\\\/rolloff-recoleccion-residuos-y-scrap\\\/#breadcrumb\",\"itemListElement\":[{\"@type\":\"ListItem\",\"position\":1,\"name\":\"Portada\",\"item\":\"https:\\\/\\\/irecover.mx\\\/\"},{\"@type\":\"ListItem\",\"position\":2,\"name\":\"Nuestras soluciones\",\"item\":\"https:\\\/\\\/irecover.mx\\\/index.php\\\/nuestras-soluciones\\\/\"},{\"@type\":\"ListItem\",\"position\":3,\"name\":\"RollOff Recolecci\u00f3n Residuos y SCRAP\"}]},{\"@type\":\"WebSite\",\"@id\":\"https:\\\/\\\/irecover.mx\\\/#website\",\"url\":\"https:\\\/\\\/irecover.mx\\\/\",\"name\":\"ROLL OFF SERVICE | GESTION INTEGRAL DE RESIDUOS Y CONTROL DE SCRAP\",\"description\":\"Recolecciones de Scrap industrial, chatarra y metales.\",\"potentialAction\":[{\"@type\":\"SearchAction\",\"target\":{\"@type\":\"EntryPoint\",\"urlTemplate\":\"https:\\\/\\\/irecover.mx\\\/?s={search_term_string}\"},\"query-input\":{\"@type\":\"PropertyValueSpecification\",\"valueRequired\":true,\"valueName\":\"search_term_string\"}}],\"inLanguage\":\"es\"}]}<\/script>\n<!-- \/ Yoast SEO plugin. -->","yoast_head_json":{"title":"RollOff Recolecci\u00f3n Residuos y SCRAP","description":"La mejor alternativa para la recolecci\u00f3n de residuos y SCRAP industrial es un rolloff, nosotros tenemos unidades disponibles todo el a\u00f1o.","robots":{"index":"index","follow":"follow","max-snippet":"max-snippet:-1","max-image-preview":"max-image-preview:large","max-video-preview":"max-video-preview:-1"},"canonical":"https:\/\/irecover.mx\/index.php\/nuestras-soluciones\/rolloff-recoleccion-residuos-y-scrap\/","og_locale":"es_ES","og_type":"article","og_title":"RollOff Recolecci\u00f3n Residuos y SCRAP","og_description":"La mejor alternativa para la recolecci\u00f3n de residuos y SCRAP industrial es un rolloff, nosotros tenemos unidades disponibles todo el a\u00f1o.","og_url":"https:\/\/irecover.mx\/index.php\/nuestras-soluciones\/rolloff-recoleccion-residuos-y-scrap\/","og_site_name":"INDUSTRIAL RECOVERY SOLUTIONS","article_modified_time":"2025-05-27T16:27:46+00:00","twitter_card":"summary_large_image","twitter_misc":{"Tiempo de lectura":"3 minutos"},"schema":{"@context":"https:\/\/schema.org","@graph":[{"@type":"WebPage","@id":"https:\/\/irecover.mx\/index.php\/nuestras-soluciones\/rolloff-recoleccion-residuos-y-scrap\/","url":"https:\/\/irecover.mx\/index.php\/nuestras-soluciones\/rolloff-recoleccion-residuos-y-scrap\/","name":"RollOff Recolecci\u00f3n Residuos y SCRAP","isPartOf":{"@id":"https:\/\/irecover.mx\/#website"},"datePublished":"2025-01-04T20:44:31+00:00","dateModified":"2025-05-27T16:27:46+00:00","description":"La mejor alternativa para la recolecci\u00f3n de residuos y SCRAP industrial es un rolloff, nosotros tenemos unidades disponibles todo el a\u00f1o.","breadcrumb":{"@id":"https:\/\/irecover.mx\/index.php\/nuestras-soluciones\/rolloff-recoleccion-residuos-y-scrap\/#breadcrumb"},"inLanguage":"es","potentialAction":[{"@type":"ReadAction","target":["https:\/\/irecover.mx\/index.php\/nuestras-soluciones\/rolloff-recoleccion-residuos-y-scrap\/"]}]},{"@type":"BreadcrumbList","@id":"https:\/\/irecover.mx\/index.php\/nuestras-soluciones\/rolloff-recoleccion-residuos-y-scrap\/#breadcrumb","itemListElement":[{"@type":"ListItem","position":1,"name":"Portada","item":"https:\/\/irecover.mx\/"},{"@type":"ListItem","position":2,"name":"Nuestras soluciones","item":"https:\/\/irecover.mx\/index.php\/nuestras-soluciones\/"},{"@type":"ListItem","position":3,"name":"RollOff Recolecci\u00f3n Residuos y SCRAP"}]},{"@type":"WebSite","@id":"https:\/\/irecover.mx\/#website","url":"https:\/\/irecover.mx\/","name":"ROLL OFF SERVICE | GESTION INTEGRAL DE RESIDUOS Y CONTROL DE SCRAP","description":"Recolecciones de Scrap industrial, chatarra y metales.","potentialAction":[{"@type":"SearchAction","target":{"@type":"EntryPoint","urlTemplate":"https:\/\/irecover.mx\/?s={search_term_string}"},"query-input":{"@type":"PropertyValueSpecification","valueRequired":true,"valueName":"search_term_string"}}],"inLanguage":"es"}]}},"_links":{"self":[{"href":"https:\/\/irecover.mx\/index.php\/wp-json\/wp\/v2\/pages\/222","targetHints":{"allow":["GET"]}}],"collection":[{"href":"https:\/\/irecover.mx\/index.php\/wp-json\/wp\/v2\/pages"}],"about":[{"href":"https:\/\/irecover.mx\/index.php\/wp-json\/wp\/v2\/types\/page"}],"author":[{"embeddable":true,"href":"https:\/\/irecover.mx\/index.php\/wp-json\/wp\/v2\/users\/1"}],"replies":[{"embeddable":true,"href":"https:\/\/irecover.mx\/index.php\/wp-json\/wp\/v2\/comments?post=222"}],"version-history":[{"count":11,"href":"https:\/\/irecover.mx\/index.php\/wp-json\/wp\/v2\/pages\/222\/revisions"}],"predecessor-version":[{"id":559,"href":"https:\/\/irecover.mx\/index.php\/wp-json\/wp\/v2\/pages\/222\/revisions\/559"}],"up":[{"embeddable":true,"href":"https:\/\/irecover.mx\/index.php\/wp-json\/wp\/v2\/pages\/220"}],"wp:attachment":[{"href":"https:\/\/irecover.mx\/index.php\/wp-json\/wp\/v2\/media?parent=222"}],"curies":[{"name":"wp","href":"https:\/\/api.w.org\/{rel}","templated":true}]}}