{"id":205,"date":"2025-01-04T20:23:47","date_gmt":"2025-01-04T20:23:47","guid":{"rendered":"https:\/\/irecover.mx\/?page_id=205"},"modified":"2025-05-27T15:39:05","modified_gmt":"2025-05-27T15:39:05","slug":"arrendamiento-de-unidades","status":"publish","type":"page","link":"https:\/\/irecover.mx\/index.php\/nuestros-servicios\/arrendamiento-de-unidades\/","title":{"rendered":"Arrendamiento de unidades"},"content":{"rendered":"<p>[et_pb_section fb_built=\u00bb1&#8243; fullwidth=\u00bbon\u00bb _builder_version=\u00bb4.27.4&#8243; _module_preset=\u00bbdefault\u00bb da_disable_devices=\u00bboff|off|off\u00bb global_colors_info=\u00bb{}\u00bb da_is_popup=\u00bboff\u00bb da_exit_intent=\u00bboff\u00bb da_has_close=\u00bbon\u00bb da_alt_close=\u00bboff\u00bb da_dark_close=\u00bboff\u00bb da_not_modal=\u00bbon\u00bb da_is_singular=\u00bboff\u00bb da_with_loader=\u00bboff\u00bb da_has_shadow=\u00bbon\u00bb][et_pb_fullwidth_slider show_arrows=\u00bboff\u00bb show_pagination=\u00bboff\u00bb _builder_version=\u00bb4.27.4&#8243; _module_preset=\u00bbdefault\u00bb background_color=\u00bbrgba(0,0,0,0.74)\u00bb background_image=\u00bbhttps:\/\/irecover.mx\/wp-content\/uploads\/2025\/01\/65cd3e9e9aa415864c8b4567_color.jpg\u00bb background_blend=\u00bbmultiply\u00bb custom_padding=\u00bb171px||166px|||\u00bb global_colors_info=\u00bb{}\u00bb][et_pb_slide heading=\u00bbEquipos para el Manejo de Scrap \u00bb _builder_version=\u00bb4.27.4&#8243; _module_preset=\u00bbdefault\u00bb header_level=\u00bbh1&#8243; header_font=\u00bbRoboto|700|||||||\u00bb header_font_size=\u00bb83px\u00bb global_colors_info=\u00bb{}\u00bb sticky_transition=\u00bbon\u00bb][\/et_pb_slide][\/et_pb_fullwidth_slider][\/et_pb_section][et_pb_section fb_built=\u00bb1&#8243; _builder_version=\u00bb4.27.4&#8243; _module_preset=\u00bbdefault\u00bb width=\u00bb100%\u00bb max_width=\u00bb100%\u00bb custom_padding=\u00bb13px||0px|||\u00bb da_disable_devices=\u00bboff|off|off\u00bb global_colors_info=\u00bb{}\u00bb da_is_popup=\u00bboff\u00bb da_exit_intent=\u00bboff\u00bb da_has_close=\u00bbon\u00bb da_alt_close=\u00bboff\u00bb da_dark_close=\u00bboff\u00bb da_not_modal=\u00bbon\u00bb da_is_singular=\u00bboff\u00bb da_with_loader=\u00bboff\u00bb da_has_shadow=\u00bbon\u00bb][et_pb_row column_structure=\u00bb1_3,2_3&#8243; _builder_version=\u00bb4.27.4&#8243; _module_preset=\u00bbdefault\u00bb width=\u00bb90%\u00bb max_width=\u00bb80%\u00bb global_colors_info=\u00bb{}\u00bb][et_pb_column type=\u00bb1_3&#8243; _builder_version=\u00bb4.27.4&#8243; _module_preset=\u00bbdefault\u00bb global_colors_info=\u00bb{}\u00bb][et_pb_text _builder_version=\u00bb4.27.4&#8243; _module_preset=\u00bbdefault\u00bb text_font=\u00bbRoboto||||||||\u00bb text_text_color=\u00bb#d7c000&#8243; text_font_size=\u00bb30px\u00bb text_line_height=\u00bb1.1em\u00bb hover_enabled=\u00bb0&#8243; border_width_right=\u00bb1px\u00bb border_color_right=\u00bb#999999&#8243; global_colors_info=\u00bb{}\u00bb sticky_enabled=\u00bb0&#8243;]<\/p>\n<p>Soluciones Integrales para el Manejo de residuos.<\/p>\n<p>[\/et_pb_text][\/et_pb_column][et_pb_column type=\u00bb2_3&#8243; _builder_version=\u00bb4.27.4&#8243; _module_preset=\u00bbdefault\u00bb global_colors_info=\u00bb{}\u00bb][et_pb_text _builder_version=\u00bb4.27.4&#8243; _module_preset=\u00bbdefault\u00bb text_font=\u00bbRoboto||||||||\u00bb text_font_size=\u00bb16px\u00bb global_colors_info=\u00bb{}\u00bb]<\/p>\n<p style=\"text-align: justify;\">En IRS, te ofrecemos una gama completa de unidades y equipos especializados, incluyendo camiones roll off, hook lift, gr\u00faas chatarreras y contenedores de acero. Nuestros equipos est\u00e1n dise\u00f1ados para adaptarse a cualquier operaci\u00f3n, desde la recolecci\u00f3n hasta el transporte y almacenamiento de materiales, garantizando una soluci\u00f3n adecuada para cada etapa del proceso.<\/p>\n<p>[\/et_pb_text][\/et_pb_column][\/et_pb_row][\/et_pb_section][et_pb_section fb_built=\u00bb1&#8243; _builder_version=\u00bb4.27.4&#8243; _module_preset=\u00bbdefault\u00bb background_color=\u00bb#d7c000&#8243; background_image=\u00bbhttps:\/\/irecover.mx\/wp-content\/uploads\/2025\/01\/80139b64-5cb1-4443-9c2e-d48767496809.jpg\u00bb background_blend=\u00bbmultiply\u00bb width=\u00bb100%\u00bb max_width=\u00bb100%\u00bb custom_padding=\u00bb13px||0px|||\u00bb hover_enabled=\u00bb0&#8243; da_disable_devices=\u00bboff|off|off\u00bb global_colors_info=\u00bb{}\u00bb sticky_enabled=\u00bb0&#8243; da_is_popup=\u00bboff\u00bb da_exit_intent=\u00bboff\u00bb da_has_close=\u00bbon\u00bb da_alt_close=\u00bboff\u00bb da_dark_close=\u00bboff\u00bb da_not_modal=\u00bbon\u00bb da_is_singular=\u00bboff\u00bb da_with_loader=\u00bboff\u00bb da_has_shadow=\u00bbon\u00bb][et_pb_row column_structure=\u00bb1_2,1_2&#8243; use_custom_gutter=\u00bbon\u00bb gutter_width=\u00bb1&#8243; _builder_version=\u00bb4.27.4&#8243; _module_preset=\u00bbdefault\u00bb width=\u00bb90%\u00bb max_width=\u00bb80%\u00bb global_colors_info=\u00bb{}\u00bb][et_pb_column type=\u00bb1_2&#8243; _builder_version=\u00bb4.27.4&#8243; _module_preset=\u00bbdefault\u00bb global_colors_info=\u00bb{}\u00bb][\/et_pb_column][et_pb_column type=\u00bb1_2&#8243; _builder_version=\u00bb4.27.4&#8243; _module_preset=\u00bbdefault\u00bb global_colors_info=\u00bb{}\u00bb][et_pb_text _builder_version=\u00bb4.27.4&#8243; _module_preset=\u00bbdefault\u00bb text_font=\u00bbRoboto||||||||\u00bb text_text_color=\u00bb#FFFFFF\u00bb text_font_size=\u00bb21px\u00bb background_color=\u00bbrgba(0,0,0,0.61)\u00bb custom_margin=\u00bb||||true\u00bb custom_padding=\u00bb61px|20px|61px|20px|true|true\u00bb global_colors_info=\u00bb{}\u00bb]<\/p>\n<p style=\"text-align: justify;\">Nuestra oferta de renta de unidades combina versatilidad y confiabilidad, permiti\u00e9ndote responder a las necesidades de tu operaci\u00f3n sin preocuparte por la inversi\u00f3n inicial o el mantenimiento. Desde la carga de grandes vol\u00famenes con gr\u00faas hasta el transporte seguro en contenedores de acero, nuestra flota est\u00e1 preparada para maximizar la productividad y reducir tiempos de operaci\u00f3n.<\/p>\n<p>[\/et_pb_text][\/et_pb_column][\/et_pb_row][\/et_pb_section][et_pb_section fb_built=\u00bb1&#8243; _builder_version=\u00bb4.27.4&#8243; _module_preset=\u00bbdefault\u00bb custom_padding=\u00bb||32px|||\u00bb da_disable_devices=\u00bboff|off|off\u00bb global_colors_info=\u00bb{}\u00bb da_is_popup=\u00bboff\u00bb da_exit_intent=\u00bboff\u00bb da_has_close=\u00bbon\u00bb da_alt_close=\u00bboff\u00bb da_dark_close=\u00bboff\u00bb da_not_modal=\u00bbon\u00bb da_is_singular=\u00bboff\u00bb da_with_loader=\u00bboff\u00bb da_has_shadow=\u00bbon\u00bb][et_pb_row _builder_version=\u00bb4.27.4&#8243; _module_preset=\u00bbdefault\u00bb global_colors_info=\u00bb{}\u00bb][et_pb_column type=\u00bb4_4&#8243; _builder_version=\u00bb4.27.4&#8243; _module_preset=\u00bbdefault\u00bb global_colors_info=\u00bb{}\u00bb][et_pb_text _builder_version=\u00bb4.27.4&#8243; _module_preset=\u00bbdefault\u00bb text_font=\u00bbActor||on||||||\u00bb text_font_size=\u00bb41px\u00bb custom_padding=\u00bb||15px||false|false\u00bb global_colors_info=\u00bb{}\u00bb]<\/p>\n<p style=\"text-align: center;\">\u201ctransformar <strong>retos<\/strong> en soluciones es solo el <strong>comienzo<\/strong>\u201d<\/p>\n<p>[\/et_pb_text][\/et_pb_column][\/et_pb_row][\/et_pb_section][et_pb_section fb_built=\u00bb1&#8243; _builder_version=\u00bb4.27.4&#8243; _module_preset=\u00bbdefault\u00bb background_color=\u00bb#000000&#8243; width=\u00bb100%\u00bb max_width=\u00bb100%\u00bb custom_padding=\u00bb28px||15px|||\u00bb hover_enabled=\u00bb0&#8243; da_disable_devices=\u00bboff|off|off\u00bb global_colors_info=\u00bb{}\u00bb sticky_enabled=\u00bb0&#8243; da_is_popup=\u00bboff\u00bb da_exit_intent=\u00bboff\u00bb da_has_close=\u00bbon\u00bb da_alt_close=\u00bboff\u00bb da_dark_close=\u00bboff\u00bb da_not_modal=\u00bbon\u00bb da_is_singular=\u00bboff\u00bb da_with_loader=\u00bboff\u00bb da_has_shadow=\u00bbon\u00bb][et_pb_row column_structure=\u00bb3_5,2_5&#8243; _builder_version=\u00bb4.27.4&#8243; _module_preset=\u00bbdefault\u00bb width=\u00bb100%\u00bb max_width=\u00bb75%\u00bb global_colors_info=\u00bb{}\u00bb][et_pb_column type=\u00bb3_5&#8243; _builder_version=\u00bb4.27.4&#8243; _module_preset=\u00bbdefault\u00bb global_colors_info=\u00bb{}\u00bb][et_pb_image src=\u00bbhttps:\/\/irecover.mx\/wp-content\/uploads\/2025\/01\/1c872465-a200-459a-8320-46f3c7aada4f.jpg\u00bb title_text=\u00bb1c872465-a200-459a-8320-46f3c7aada4f\u00bb _builder_version=\u00bb4.27.4&#8243; _module_preset=\u00bbdefault\u00bb global_colors_info=\u00bb{}\u00bb][\/et_pb_image][\/et_pb_column][et_pb_column type=\u00bb2_5&#8243; _builder_version=\u00bb4.27.4&#8243; _module_preset=\u00bbdefault\u00bb global_colors_info=\u00bb{}\u00bb][et_pb_text _builder_version=\u00bb4.27.4&#8243; _module_preset=\u00bbdefault\u00bb text_font=\u00bbRoboto||||||||\u00bb text_text_color=\u00bb#FFFFFF\u00bb text_font_size=\u00bb20px\u00bb text_line_height=\u00bb1.5em\u00bb global_colors_info=\u00bb{}\u00bb]<\/p>\n<div class=\"flex max-w-full flex-col flex-grow\">\n<div data-message-author-role=\"assistant\" data-message-id=\"7e6fecb4-47af-4a56-ab5a-e4207a2aa3e4\" dir=\"auto\" class=\"min-h-8 text-message flex w-full flex-col items-end gap-2 whitespace-normal break-words text-start [.text-message+&amp;]:mt-5\" data-message-model-slug=\"gpt-4o\">\n<div class=\"flex w-full flex-col gap-1 empty:hidden first:pt-[3px]\">\n<div class=\"markdown prose w-full break-words dark:prose-invert dark\">\n<p style=\"text-align: center;\">\n<p style=\"text-align: center;\">\n<p style=\"text-align: center;\">\n<p style=\"text-align: center;\">\u00abSoluciones Estrat\u00e9gicas para el Manejo de Scrap\u00bb<\/p>\n<p style=\"text-align: justify;\">\n<p style=\"text-align: justify;\">\n<p style=\"text-align: justify;\">\n<p style=\"text-align: justify;\">La experiencia en el manejo de scrap y residuos met\u00e1licos nos permite ofrecer m\u00e1s que equipos confiables: soluciones estrat\u00e9gicas que se adaptan a las necesidades espec\u00edficas de cada proyecto. Con una flota de unidades disponibles todo el a\u00f1o, garantizamos que siempre contar\u00e1s con el equipo adecuado en el momento que lo necesites. Cada unidad est\u00e1 respaldada por un servicio dedicado, dise\u00f1ado para maximizar la eficiencia y transformar operaciones complejas en procesos fluidos y productivos. Optimiza recursos, reduce tiempos y convierte tus desaf\u00edos en ventajas competitivas con las herramientas adecuadas.<\/p>\n<\/div>\n<\/div>\n<\/div>\n<\/div>\n<p>[\/et_pb_text][\/et_pb_column][\/et_pb_row][\/et_pb_section]<\/p>\n","protected":false},"excerpt":{"rendered":"<p>Soluciones Integrales para el Manejo de residuos.En IRS, te ofrecemos una gama completa de unidades y equipos especializados, incluyendo camiones roll off, hook lift, gr\u00faas chatarreras y contenedores de acero. Nuestros equipos est\u00e1n dise\u00f1ados para adaptarse a cualquier operaci\u00f3n, desde la recolecci\u00f3n hasta el transporte y almacenamiento de materiales, garantizando una soluci\u00f3n adecuada para cada [&hellip;]<\/p>\n","protected":false},"author":1,"featured_media":0,"parent":209,"menu_order":0,"comment_status":"closed","ping_status":"closed","template":"","meta":{"_et_pb_use_builder":"on","_et_pb_old_content":"<!-- wp:divi\/placeholder \/-->","_et_gb_content_width":"","om_disable_all_campaigns":false,"footnotes":""},"class_list":["post-205","page","type-page","status-publish","hentry"],"yoast_head":"<!-- This site is optimized with the Yoast SEO plugin v27.4 - https:\/\/yoast.com\/product\/yoast-seo-wordpress\/ -->\n<title>Arrendamiento de unidades - INDUSTRIAL RECOVERY SOLUTIONS<\/title>\n<meta name=\"robots\" content=\"index, follow, max-snippet:-1, max-image-preview:large, max-video-preview:-1\" \/>\n<link rel=\"canonical\" href=\"https:\/\/irecover.mx\/index.php\/nuestros-servicios\/arrendamiento-de-unidades\/\" \/>\n<meta property=\"og:locale\" content=\"es_ES\" \/>\n<meta property=\"og:type\" content=\"article\" \/>\n<meta property=\"og:title\" content=\"Arrendamiento de unidades - INDUSTRIAL RECOVERY SOLUTIONS\" \/>\n<meta property=\"og:description\" content=\"Soluciones Integrales para el Manejo de residuos.En IRS, te ofrecemos una gama completa de unidades y equipos especializados, incluyendo camiones roll off, hook lift, gr\u00faas chatarreras y contenedores de acero. Nuestros equipos est\u00e1n dise\u00f1ados para adaptarse a cualquier operaci\u00f3n, desde la recolecci\u00f3n hasta el transporte y almacenamiento de materiales, garantizando una soluci\u00f3n adecuada para cada [&hellip;]\" \/>\n<meta property=\"og:url\" content=\"https:\/\/irecover.mx\/index.php\/nuestros-servicios\/arrendamiento-de-unidades\/\" \/>\n<meta property=\"og:site_name\" content=\"INDUSTRIAL RECOVERY SOLUTIONS\" \/>\n<meta property=\"article:modified_time\" content=\"2025-05-27T15:39:05+00:00\" \/>\n<meta name=\"twitter:card\" content=\"summary_large_image\" \/>\n<meta name=\"twitter:label1\" content=\"Tiempo de lectura\" \/>\n\t<meta name=\"twitter:data1\" content=\"5 minutos\" \/>\n<script type=\"application\/ld+json\" class=\"yoast-schema-graph\">{\"@context\":\"https:\\\/\\\/schema.org\",\"@graph\":[{\"@type\":\"WebPage\",\"@id\":\"https:\\\/\\\/irecover.mx\\\/index.php\\\/nuestros-servicios\\\/arrendamiento-de-unidades\\\/\",\"url\":\"https:\\\/\\\/irecover.mx\\\/index.php\\\/nuestros-servicios\\\/arrendamiento-de-unidades\\\/\",\"name\":\"Arrendamiento de unidades - INDUSTRIAL RECOVERY SOLUTIONS\",\"isPartOf\":{\"@id\":\"https:\\\/\\\/irecover.mx\\\/#website\"},\"datePublished\":\"2025-01-04T20:23:47+00:00\",\"dateModified\":\"2025-05-27T15:39:05+00:00\",\"breadcrumb\":{\"@id\":\"https:\\\/\\\/irecover.mx\\\/index.php\\\/nuestros-servicios\\\/arrendamiento-de-unidades\\\/#breadcrumb\"},\"inLanguage\":\"es\",\"potentialAction\":[{\"@type\":\"ReadAction\",\"target\":[\"https:\\\/\\\/irecover.mx\\\/index.php\\\/nuestros-servicios\\\/arrendamiento-de-unidades\\\/\"]}]},{\"@type\":\"BreadcrumbList\",\"@id\":\"https:\\\/\\\/irecover.mx\\\/index.php\\\/nuestros-servicios\\\/arrendamiento-de-unidades\\\/#breadcrumb\",\"itemListElement\":[{\"@type\":\"ListItem\",\"position\":1,\"name\":\"Portada\",\"item\":\"https:\\\/\\\/irecover.mx\\\/\"},{\"@type\":\"ListItem\",\"position\":2,\"name\":\"Nuestros servicios\",\"item\":\"https:\\\/\\\/irecover.mx\\\/index.php\\\/nuestros-servicios\\\/\"},{\"@type\":\"ListItem\",\"position\":3,\"name\":\"Arrendamiento de unidades\"}]},{\"@type\":\"WebSite\",\"@id\":\"https:\\\/\\\/irecover.mx\\\/#website\",\"url\":\"https:\\\/\\\/irecover.mx\\\/\",\"name\":\"ROLL OFF SERVICE | GESTION INTEGRAL DE RESIDUOS Y CONTROL DE SCRAP\",\"description\":\"Recolecciones de Scrap industrial, chatarra y metales.\",\"potentialAction\":[{\"@type\":\"SearchAction\",\"target\":{\"@type\":\"EntryPoint\",\"urlTemplate\":\"https:\\\/\\\/irecover.mx\\\/?s={search_term_string}\"},\"query-input\":{\"@type\":\"PropertyValueSpecification\",\"valueRequired\":true,\"valueName\":\"search_term_string\"}}],\"inLanguage\":\"es\"}]}<\/script>\n<!-- \/ Yoast SEO plugin. -->","yoast_head_json":{"title":"Arrendamiento de unidades - INDUSTRIAL RECOVERY SOLUTIONS","robots":{"index":"index","follow":"follow","max-snippet":"max-snippet:-1","max-image-preview":"max-image-preview:large","max-video-preview":"max-video-preview:-1"},"canonical":"https:\/\/irecover.mx\/index.php\/nuestros-servicios\/arrendamiento-de-unidades\/","og_locale":"es_ES","og_type":"article","og_title":"Arrendamiento de unidades - INDUSTRIAL RECOVERY SOLUTIONS","og_description":"Soluciones Integrales para el Manejo de residuos.En IRS, te ofrecemos una gama completa de unidades y equipos especializados, incluyendo camiones roll off, hook lift, gr\u00faas chatarreras y contenedores de acero. Nuestros equipos est\u00e1n dise\u00f1ados para adaptarse a cualquier operaci\u00f3n, desde la recolecci\u00f3n hasta el transporte y almacenamiento de materiales, garantizando una soluci\u00f3n adecuada para cada [&hellip;]","og_url":"https:\/\/irecover.mx\/index.php\/nuestros-servicios\/arrendamiento-de-unidades\/","og_site_name":"INDUSTRIAL RECOVERY SOLUTIONS","article_modified_time":"2025-05-27T15:39:05+00:00","twitter_card":"summary_large_image","twitter_misc":{"Tiempo de lectura":"5 minutos"},"schema":{"@context":"https:\/\/schema.org","@graph":[{"@type":"WebPage","@id":"https:\/\/irecover.mx\/index.php\/nuestros-servicios\/arrendamiento-de-unidades\/","url":"https:\/\/irecover.mx\/index.php\/nuestros-servicios\/arrendamiento-de-unidades\/","name":"Arrendamiento de unidades - INDUSTRIAL RECOVERY SOLUTIONS","isPartOf":{"@id":"https:\/\/irecover.mx\/#website"},"datePublished":"2025-01-04T20:23:47+00:00","dateModified":"2025-05-27T15:39:05+00:00","breadcrumb":{"@id":"https:\/\/irecover.mx\/index.php\/nuestros-servicios\/arrendamiento-de-unidades\/#breadcrumb"},"inLanguage":"es","potentialAction":[{"@type":"ReadAction","target":["https:\/\/irecover.mx\/index.php\/nuestros-servicios\/arrendamiento-de-unidades\/"]}]},{"@type":"BreadcrumbList","@id":"https:\/\/irecover.mx\/index.php\/nuestros-servicios\/arrendamiento-de-unidades\/#breadcrumb","itemListElement":[{"@type":"ListItem","position":1,"name":"Portada","item":"https:\/\/irecover.mx\/"},{"@type":"ListItem","position":2,"name":"Nuestros servicios","item":"https:\/\/irecover.mx\/index.php\/nuestros-servicios\/"},{"@type":"ListItem","position":3,"name":"Arrendamiento de unidades"}]},{"@type":"WebSite","@id":"https:\/\/irecover.mx\/#website","url":"https:\/\/irecover.mx\/","name":"ROLL OFF SERVICE | GESTION INTEGRAL DE RESIDUOS Y CONTROL DE SCRAP","description":"Recolecciones de Scrap industrial, chatarra y metales.","potentialAction":[{"@type":"SearchAction","target":{"@type":"EntryPoint","urlTemplate":"https:\/\/irecover.mx\/?s={search_term_string}"},"query-input":{"@type":"PropertyValueSpecification","valueRequired":true,"valueName":"search_term_string"}}],"inLanguage":"es"}]}},"_links":{"self":[{"href":"https:\/\/irecover.mx\/index.php\/wp-json\/wp\/v2\/pages\/205","targetHints":{"allow":["GET"]}}],"collection":[{"href":"https:\/\/irecover.mx\/index.php\/wp-json\/wp\/v2\/pages"}],"about":[{"href":"https:\/\/irecover.mx\/index.php\/wp-json\/wp\/v2\/types\/page"}],"author":[{"embeddable":true,"href":"https:\/\/irecover.mx\/index.php\/wp-json\/wp\/v2\/users\/1"}],"replies":[{"embeddable":true,"href":"https:\/\/irecover.mx\/index.php\/wp-json\/wp\/v2\/comments?post=205"}],"version-history":[{"count":6,"href":"https:\/\/irecover.mx\/index.php\/wp-json\/wp\/v2\/pages\/205\/revisions"}],"predecessor-version":[{"id":547,"href":"https:\/\/irecover.mx\/index.php\/wp-json\/wp\/v2\/pages\/205\/revisions\/547"}],"up":[{"embeddable":true,"href":"https:\/\/irecover.mx\/index.php\/wp-json\/wp\/v2\/pages\/209"}],"wp:attachment":[{"href":"https:\/\/irecover.mx\/index.php\/wp-json\/wp\/v2\/media?parent=205"}],"curies":[{"name":"wp","href":"https:\/\/api.w.org\/{rel}","templated":true}]}}