{"id":203,"date":"2025-01-04T20:23:10","date_gmt":"2025-01-04T20:23:10","guid":{"rendered":"https:\/\/irecover.mx\/?page_id=203"},"modified":"2025-05-27T16:16:19","modified_gmt":"2025-05-27T16:16:19","slug":"transporte-y-logistica","status":"publish","type":"page","link":"https:\/\/irecover.mx\/index.php\/nuestros-servicios\/transporte-y-logistica\/","title":{"rendered":"Transporte y log\u00edstica"},"content":{"rendered":"<p>[et_pb_section fb_built=\u00bb1&#8243; fullwidth=\u00bbon\u00bb _builder_version=\u00bb4.27.4&#8243; _module_preset=\u00bbdefault\u00bb hover_enabled=\u00bb0&#8243; da_disable_devices=\u00bboff|off|off\u00bb global_colors_info=\u00bb{}\u00bb sticky_enabled=\u00bb0&#8243; da_is_popup=\u00bboff\u00bb da_exit_intent=\u00bboff\u00bb da_has_close=\u00bbon\u00bb da_alt_close=\u00bboff\u00bb da_dark_close=\u00bboff\u00bb da_not_modal=\u00bbon\u00bb da_is_singular=\u00bboff\u00bb da_with_loader=\u00bboff\u00bb da_has_shadow=\u00bbon\u00bb][et_pb_fullwidth_slider show_arrows=\u00bboff\u00bb show_pagination=\u00bboff\u00bb _builder_version=\u00bb4.27.4&#8243; _module_preset=\u00bbdefault\u00bb background_color=\u00bbrgba(0,0,0,0.74)\u00bb background_image=\u00bbhttps:\/\/irecover.mx\/wp-content\/uploads\/2025\/05\/c31b7960-3b34-4240-b1da-010cb0f939b9.jpg\u00bb background_blend=\u00bbmultiply\u00bb custom_padding=\u00bb171px||166px|||\u00bb hover_enabled=\u00bb0&#8243; global_colors_info=\u00bb{}\u00bb title_text=\u00bbc31b7960-3b34-4240-b1da-010cb0f939b9&#8243; sticky_enabled=\u00bb0&#8243;][et_pb_slide heading=\u00bbTransportamos y disponemos\u00bb _builder_version=\u00bb4.27.4&#8243; _module_preset=\u00bbdefault\u00bb header_level=\u00bbh1&#8243; header_font=\u00bbRoboto|700|||||||\u00bb header_font_size=\u00bb83px\u00bb global_colors_info=\u00bb{}\u00bb sticky_transition=\u00bbon\u00bb][\/et_pb_slide][\/et_pb_fullwidth_slider][\/et_pb_section][et_pb_section fb_built=\u00bb1&#8243; _builder_version=\u00bb4.27.4&#8243; _module_preset=\u00bbdefault\u00bb width=\u00bb100%\u00bb max_width=\u00bb100%\u00bb custom_padding=\u00bb13px||0px|||\u00bb da_disable_devices=\u00bboff|off|off\u00bb global_colors_info=\u00bb{}\u00bb da_is_popup=\u00bboff\u00bb da_exit_intent=\u00bboff\u00bb da_has_close=\u00bbon\u00bb da_alt_close=\u00bboff\u00bb da_dark_close=\u00bboff\u00bb da_not_modal=\u00bbon\u00bb da_is_singular=\u00bboff\u00bb da_with_loader=\u00bboff\u00bb da_has_shadow=\u00bbon\u00bb][et_pb_row column_structure=\u00bb1_3,2_3&#8243; _builder_version=\u00bb4.27.4&#8243; _module_preset=\u00bbdefault\u00bb width=\u00bb90%\u00bb max_width=\u00bb80%\u00bb global_colors_info=\u00bb{}\u00bb][et_pb_column type=\u00bb1_3&#8243; _builder_version=\u00bb4.27.4&#8243; _module_preset=\u00bbdefault\u00bb global_colors_info=\u00bb{}\u00bb][et_pb_text _builder_version=\u00bb4.27.4&#8243; _module_preset=\u00bbdefault\u00bb text_font=\u00bbRoboto||||||||\u00bb text_text_color=\u00bb#d7c000&#8243; text_font_size=\u00bb30px\u00bb text_line_height=\u00bb1.1em\u00bb hover_enabled=\u00bb0&#8243; border_width_right=\u00bb1px\u00bb border_color_right=\u00bb#999999&#8243; global_colors_info=\u00bb{}\u00bb sticky_enabled=\u00bb0&#8243;]<\/p>\n<p>Movilizando tus Operaciones con Precisi\u00f3n<\/p>\n<p>[\/et_pb_text][\/et_pb_column][et_pb_column type=\u00bb2_3&#8243; _builder_version=\u00bb4.27.4&#8243; _module_preset=\u00bbdefault\u00bb global_colors_info=\u00bb{}\u00bb][et_pb_text _builder_version=\u00bb4.27.4&#8243; _module_preset=\u00bbdefault\u00bb text_font=\u00bbRoboto||||||||\u00bb text_font_size=\u00bb16px\u00bb global_colors_info=\u00bb{}\u00bb]<\/p>\n<p style=\"text-align: justify;\">Nuestro compromiso con la excelencia se refleja en la utilizaci\u00f3n de tecnolog\u00edas avanzadas para el seguimiento en tiempo real de tus env\u00edos, permiti\u00e9ndote tener control total sobre tus operaciones log\u00edsticas. Adem\u00e1s, contamos con una flota moderna y diversa que se ajusta a las caracter\u00edsticas espec\u00edficas de cada carga, asegurando su integridad durante todo el proceso de transporte.<\/p>\n<p>[\/et_pb_text][\/et_pb_column][\/et_pb_row][\/et_pb_section][et_pb_section fb_built=\u00bb1&#8243; _builder_version=\u00bb4.27.4&#8243; _module_preset=\u00bbdefault\u00bb background_color=\u00bb#d7c000&#8243; background_image=\u00bbhttps:\/\/irecover.mx\/wp-content\/uploads\/2025\/01\/dde.png\u00bb background_blend=\u00bbmultiply\u00bb width=\u00bb100%\u00bb max_width=\u00bb100%\u00bb custom_padding=\u00bb13px||0px|||\u00bb hover_enabled=\u00bb0&#8243; da_disable_devices=\u00bboff|off|off\u00bb global_colors_info=\u00bb{}\u00bb sticky_enabled=\u00bb0&#8243; da_is_popup=\u00bboff\u00bb da_exit_intent=\u00bboff\u00bb da_has_close=\u00bbon\u00bb da_alt_close=\u00bboff\u00bb da_dark_close=\u00bboff\u00bb da_not_modal=\u00bbon\u00bb da_is_singular=\u00bboff\u00bb da_with_loader=\u00bboff\u00bb da_has_shadow=\u00bbon\u00bb][et_pb_row column_structure=\u00bb1_2,1_2&#8243; use_custom_gutter=\u00bbon\u00bb gutter_width=\u00bb1&#8243; _builder_version=\u00bb4.27.4&#8243; _module_preset=\u00bbdefault\u00bb width=\u00bb90%\u00bb max_width=\u00bb80%\u00bb global_colors_info=\u00bb{}\u00bb][et_pb_column type=\u00bb1_2&#8243; _builder_version=\u00bb4.27.4&#8243; _module_preset=\u00bbdefault\u00bb global_colors_info=\u00bb{}\u00bb][\/et_pb_column][et_pb_column type=\u00bb1_2&#8243; _builder_version=\u00bb4.27.4&#8243; _module_preset=\u00bbdefault\u00bb global_colors_info=\u00bb{}\u00bb][et_pb_text _builder_version=\u00bb4.27.4&#8243; _module_preset=\u00bbdefault\u00bb text_font=\u00bbRoboto||||||||\u00bb text_text_color=\u00bb#FFFFFF\u00bb text_font_size=\u00bb21px\u00bb background_color=\u00bbrgba(0,0,0,0.61)\u00bb custom_margin=\u00bb||||true\u00bb custom_padding=\u00bb13px|20px|13px|20px|true|true\u00bb global_colors_info=\u00bb{}\u00bb]<\/p>\n<p style=\"text-align: justify;\">El monitoreo en tiempo real brinda control y transparencia en los env\u00edos, permitiendo a los clientes supervisar cada movimiento de su carga con precisi\u00f3n. Este enfoque no solo asegura la puntualidad, sino tambi\u00e9n la integridad de los materiales transportados.<\/p>\n<p style=\"text-align: justify;\">Con un servicio continuo durante todo el a\u00f1o, la log\u00edstica se convierte en un pilar fundamental para cualquier operaci\u00f3n, facilitando el flujo constante de materiales y fortaleciendo la competitividad en el mercado. Cada kil\u00f3metro recorrido contribuye a la productividad y \u00e9xito de quienes eligen un servicio confiable y dise\u00f1ado para la excelencia.<\/p>\n<p style=\"text-align: justify;\">Cada proyecto requiere una soluci\u00f3n personalizada, desde la recolecci\u00f3n de materiales en m\u00faltiples puntos hasta el transporte hacia destinos espec\u00edficos. La flota diversificada, equipada con tecnolog\u00eda avanzada, garantiza que las operaciones se adapten a las necesidades particulares de cada cliente.<\/p>\n<p>&nbsp;<\/p>\n<p>[\/et_pb_text][\/et_pb_column][\/et_pb_row][\/et_pb_section][et_pb_section fb_built=\u00bb1&#8243; _builder_version=\u00bb4.27.4&#8243; _module_preset=\u00bbdefault\u00bb custom_padding=\u00bb||32px|||\u00bb da_disable_devices=\u00bboff|off|off\u00bb global_colors_info=\u00bb{}\u00bb da_is_popup=\u00bboff\u00bb da_exit_intent=\u00bboff\u00bb da_has_close=\u00bbon\u00bb da_alt_close=\u00bboff\u00bb da_dark_close=\u00bboff\u00bb da_not_modal=\u00bbon\u00bb da_is_singular=\u00bboff\u00bb da_with_loader=\u00bboff\u00bb da_has_shadow=\u00bbon\u00bb][et_pb_row _builder_version=\u00bb4.27.4&#8243; _module_preset=\u00bbdefault\u00bb global_colors_info=\u00bb{}\u00bb][et_pb_column type=\u00bb4_4&#8243; _builder_version=\u00bb4.27.4&#8243; _module_preset=\u00bbdefault\u00bb global_colors_info=\u00bb{}\u00bb][et_pb_text _builder_version=\u00bb4.27.4&#8243; _module_preset=\u00bbdefault\u00bb text_font=\u00bbActor||on||||||\u00bb text_font_size=\u00bb41px\u00bb custom_padding=\u00bb||15px||false|false\u00bb global_colors_info=\u00bb{}\u00bb]<\/p>\n<p style=\"text-align: center;\">\u201c<strong>Conectando<\/strong> tus <strong>productos<\/strong> con el mundo, un env\u00edo a la vez\u201d<\/p>\n<p>[\/et_pb_text][\/et_pb_column][\/et_pb_row][\/et_pb_section][et_pb_section fb_built=\u00bb1&#8243; _builder_version=\u00bb4.27.4&#8243; _module_preset=\u00bbdefault\u00bb background_color=\u00bb#000000&#8243; width=\u00bb100%\u00bb max_width=\u00bb100%\u00bb custom_padding=\u00bb28px||15px|||\u00bb hover_enabled=\u00bb0&#8243; da_disable_devices=\u00bboff|off|off\u00bb global_colors_info=\u00bb{}\u00bb sticky_enabled=\u00bb0&#8243; da_is_popup=\u00bboff\u00bb da_exit_intent=\u00bboff\u00bb da_has_close=\u00bbon\u00bb da_alt_close=\u00bboff\u00bb da_dark_close=\u00bboff\u00bb da_not_modal=\u00bbon\u00bb da_is_singular=\u00bboff\u00bb da_with_loader=\u00bboff\u00bb da_has_shadow=\u00bbon\u00bb][et_pb_row column_structure=\u00bb3_5,2_5&#8243; _builder_version=\u00bb4.27.4&#8243; _module_preset=\u00bbdefault\u00bb width=\u00bb100%\u00bb max_width=\u00bb75%\u00bb global_colors_info=\u00bb{}\u00bb][et_pb_column type=\u00bb3_5&#8243; _builder_version=\u00bb4.27.4&#8243; _module_preset=\u00bbdefault\u00bb global_colors_info=\u00bb{}\u00bb][et_pb_image src=\u00bbhttps:\/\/irecover.mx\/wp-content\/uploads\/2025\/01\/IMG-20221202-WA0014.jpg\u00bb title_text=\u00bbIMG-20221202-WA0014&#8243; _builder_version=\u00bb4.27.4&#8243; _module_preset=\u00bbdefault\u00bb global_colors_info=\u00bb{}\u00bb][\/et_pb_image][\/et_pb_column][et_pb_column type=\u00bb2_5&#8243; _builder_version=\u00bb4.27.4&#8243; _module_preset=\u00bbdefault\u00bb global_colors_info=\u00bb{}\u00bb][et_pb_text _builder_version=\u00bb4.27.4&#8243; _module_preset=\u00bbdefault\u00bb text_font=\u00bbRoboto||||||||\u00bb text_text_color=\u00bb#FFFFFF\u00bb text_font_size=\u00bb20px\u00bb text_line_height=\u00bb1.5em\u00bb global_colors_info=\u00bb{}\u00bb]<\/p>\n<div class=\"flex max-w-full flex-col flex-grow\">\n<div data-message-author-role=\"assistant\" data-message-id=\"7e6fecb4-47af-4a56-ab5a-e4207a2aa3e4\" dir=\"auto\" class=\"min-h-8 text-message flex w-full flex-col items-end gap-2 whitespace-normal break-words text-start [.text-message+&amp;]:mt-5\" data-message-model-slug=\"gpt-4o\">\n<div class=\"flex w-full flex-col gap-1 empty:hidden first:pt-[3px]\">\n<div class=\"markdown prose w-full break-words dark:prose-invert dark\">\n<p style=\"text-align: justify;\">Cada proyecto de transporte y log\u00edstica presenta retos \u00fanicos que requieren soluciones espec\u00edficas y eficientes. Nuestra propuesta se centra en ofrecer servicios que van desde la planificaci\u00f3n estrat\u00e9gica de rutas para optimizar tiempos y costos, hasta la ejecuci\u00f3n de fletes dise\u00f1ados para garantizar el manejo seguro y puntual de mercanc\u00edas.<\/p>\n<p style=\"text-align: justify;\">Con una flota diversificada y equipada para atender diferentes tipos de carga, los env\u00edos se realizan con precisi\u00f3n y cuidado en cada etapa del trayecto. Adem\u00e1s, la tecnolog\u00eda de monitoreo en tiempo real permite supervisar el progreso de cada transporte, asegurando transparencia y control durante todo el proceso.<\/p>\n<\/div>\n<\/div>\n<\/div>\n<\/div>\n<p>[\/et_pb_text][\/et_pb_column][\/et_pb_row][\/et_pb_section]<\/p>\n","protected":false},"excerpt":{"rendered":"<p>Movilizando tus Operaciones con Precisi\u00f3nNuestro compromiso con la excelencia se refleja en la utilizaci\u00f3n de tecnolog\u00edas avanzadas para el seguimiento en tiempo real de tus env\u00edos, permiti\u00e9ndote tener control total sobre tus operaciones log\u00edsticas. Adem\u00e1s, contamos con una flota moderna y diversa que se ajusta a las caracter\u00edsticas espec\u00edficas de cada carga, asegurando su integridad [&hellip;]<\/p>\n","protected":false},"author":1,"featured_media":0,"parent":209,"menu_order":0,"comment_status":"closed","ping_status":"closed","template":"","meta":{"_et_pb_use_builder":"on","_et_pb_old_content":"<!-- wp:divi\/placeholder \/-->","_et_gb_content_width":"","om_disable_all_campaigns":false,"footnotes":""},"class_list":["post-203","page","type-page","status-publish","hentry"],"yoast_head":"<!-- This site is optimized with the Yoast SEO plugin v27.4 - https:\/\/yoast.com\/product\/yoast-seo-wordpress\/ -->\n<title>Transporte y log\u00edstica - INDUSTRIAL RECOVERY SOLUTIONS<\/title>\n<meta name=\"robots\" content=\"index, follow, max-snippet:-1, max-image-preview:large, max-video-preview:-1\" \/>\n<link rel=\"canonical\" href=\"https:\/\/irecover.mx\/index.php\/nuestros-servicios\/transporte-y-logistica\/\" \/>\n<meta property=\"og:locale\" content=\"es_ES\" \/>\n<meta property=\"og:type\" content=\"article\" \/>\n<meta property=\"og:title\" content=\"Transporte y log\u00edstica - INDUSTRIAL RECOVERY SOLUTIONS\" \/>\n<meta property=\"og:description\" content=\"Movilizando tus Operaciones con Precisi\u00f3nNuestro compromiso con la excelencia se refleja en la utilizaci\u00f3n de tecnolog\u00edas avanzadas para el seguimiento en tiempo real de tus env\u00edos, permiti\u00e9ndote tener control total sobre tus operaciones log\u00edsticas. Adem\u00e1s, contamos con una flota moderna y diversa que se ajusta a las caracter\u00edsticas espec\u00edficas de cada carga, asegurando su integridad [&hellip;]\" \/>\n<meta property=\"og:url\" content=\"https:\/\/irecover.mx\/index.php\/nuestros-servicios\/transporte-y-logistica\/\" \/>\n<meta property=\"og:site_name\" content=\"INDUSTRIAL RECOVERY SOLUTIONS\" \/>\n<meta property=\"article:modified_time\" content=\"2025-05-27T16:16:19+00:00\" \/>\n<meta name=\"twitter:card\" content=\"summary_large_image\" \/>\n<meta name=\"twitter:label1\" content=\"Tiempo de lectura\" \/>\n\t<meta name=\"twitter:data1\" content=\"6 minutos\" \/>\n<script type=\"application\/ld+json\" class=\"yoast-schema-graph\">{\"@context\":\"https:\\\/\\\/schema.org\",\"@graph\":[{\"@type\":\"WebPage\",\"@id\":\"https:\\\/\\\/irecover.mx\\\/index.php\\\/nuestros-servicios\\\/transporte-y-logistica\\\/\",\"url\":\"https:\\\/\\\/irecover.mx\\\/index.php\\\/nuestros-servicios\\\/transporte-y-logistica\\\/\",\"name\":\"Transporte y log\u00edstica - INDUSTRIAL RECOVERY SOLUTIONS\",\"isPartOf\":{\"@id\":\"https:\\\/\\\/irecover.mx\\\/#website\"},\"datePublished\":\"2025-01-04T20:23:10+00:00\",\"dateModified\":\"2025-05-27T16:16:19+00:00\",\"breadcrumb\":{\"@id\":\"https:\\\/\\\/irecover.mx\\\/index.php\\\/nuestros-servicios\\\/transporte-y-logistica\\\/#breadcrumb\"},\"inLanguage\":\"es\",\"potentialAction\":[{\"@type\":\"ReadAction\",\"target\":[\"https:\\\/\\\/irecover.mx\\\/index.php\\\/nuestros-servicios\\\/transporte-y-logistica\\\/\"]}]},{\"@type\":\"BreadcrumbList\",\"@id\":\"https:\\\/\\\/irecover.mx\\\/index.php\\\/nuestros-servicios\\\/transporte-y-logistica\\\/#breadcrumb\",\"itemListElement\":[{\"@type\":\"ListItem\",\"position\":1,\"name\":\"Portada\",\"item\":\"https:\\\/\\\/irecover.mx\\\/\"},{\"@type\":\"ListItem\",\"position\":2,\"name\":\"Nuestros servicios\",\"item\":\"https:\\\/\\\/irecover.mx\\\/index.php\\\/nuestros-servicios\\\/\"},{\"@type\":\"ListItem\",\"position\":3,\"name\":\"Transporte y log\u00edstica\"}]},{\"@type\":\"WebSite\",\"@id\":\"https:\\\/\\\/irecover.mx\\\/#website\",\"url\":\"https:\\\/\\\/irecover.mx\\\/\",\"name\":\"ROLL OFF SERVICE | GESTION INTEGRAL DE RESIDUOS Y CONTROL DE SCRAP\",\"description\":\"Recolecciones de Scrap industrial, chatarra y metales.\",\"potentialAction\":[{\"@type\":\"SearchAction\",\"target\":{\"@type\":\"EntryPoint\",\"urlTemplate\":\"https:\\\/\\\/irecover.mx\\\/?s={search_term_string}\"},\"query-input\":{\"@type\":\"PropertyValueSpecification\",\"valueRequired\":true,\"valueName\":\"search_term_string\"}}],\"inLanguage\":\"es\"}]}<\/script>\n<!-- \/ Yoast SEO plugin. -->","yoast_head_json":{"title":"Transporte y log\u00edstica - INDUSTRIAL RECOVERY SOLUTIONS","robots":{"index":"index","follow":"follow","max-snippet":"max-snippet:-1","max-image-preview":"max-image-preview:large","max-video-preview":"max-video-preview:-1"},"canonical":"https:\/\/irecover.mx\/index.php\/nuestros-servicios\/transporte-y-logistica\/","og_locale":"es_ES","og_type":"article","og_title":"Transporte y log\u00edstica - INDUSTRIAL RECOVERY SOLUTIONS","og_description":"Movilizando tus Operaciones con Precisi\u00f3nNuestro compromiso con la excelencia se refleja en la utilizaci\u00f3n de tecnolog\u00edas avanzadas para el seguimiento en tiempo real de tus env\u00edos, permiti\u00e9ndote tener control total sobre tus operaciones log\u00edsticas. Adem\u00e1s, contamos con una flota moderna y diversa que se ajusta a las caracter\u00edsticas espec\u00edficas de cada carga, asegurando su integridad [&hellip;]","og_url":"https:\/\/irecover.mx\/index.php\/nuestros-servicios\/transporte-y-logistica\/","og_site_name":"INDUSTRIAL RECOVERY SOLUTIONS","article_modified_time":"2025-05-27T16:16:19+00:00","twitter_card":"summary_large_image","twitter_misc":{"Tiempo de lectura":"6 minutos"},"schema":{"@context":"https:\/\/schema.org","@graph":[{"@type":"WebPage","@id":"https:\/\/irecover.mx\/index.php\/nuestros-servicios\/transporte-y-logistica\/","url":"https:\/\/irecover.mx\/index.php\/nuestros-servicios\/transporte-y-logistica\/","name":"Transporte y log\u00edstica - INDUSTRIAL RECOVERY SOLUTIONS","isPartOf":{"@id":"https:\/\/irecover.mx\/#website"},"datePublished":"2025-01-04T20:23:10+00:00","dateModified":"2025-05-27T16:16:19+00:00","breadcrumb":{"@id":"https:\/\/irecover.mx\/index.php\/nuestros-servicios\/transporte-y-logistica\/#breadcrumb"},"inLanguage":"es","potentialAction":[{"@type":"ReadAction","target":["https:\/\/irecover.mx\/index.php\/nuestros-servicios\/transporte-y-logistica\/"]}]},{"@type":"BreadcrumbList","@id":"https:\/\/irecover.mx\/index.php\/nuestros-servicios\/transporte-y-logistica\/#breadcrumb","itemListElement":[{"@type":"ListItem","position":1,"name":"Portada","item":"https:\/\/irecover.mx\/"},{"@type":"ListItem","position":2,"name":"Nuestros servicios","item":"https:\/\/irecover.mx\/index.php\/nuestros-servicios\/"},{"@type":"ListItem","position":3,"name":"Transporte y log\u00edstica"}]},{"@type":"WebSite","@id":"https:\/\/irecover.mx\/#website","url":"https:\/\/irecover.mx\/","name":"ROLL OFF SERVICE | GESTION INTEGRAL DE RESIDUOS Y CONTROL DE SCRAP","description":"Recolecciones de Scrap industrial, chatarra y metales.","potentialAction":[{"@type":"SearchAction","target":{"@type":"EntryPoint","urlTemplate":"https:\/\/irecover.mx\/?s={search_term_string}"},"query-input":{"@type":"PropertyValueSpecification","valueRequired":true,"valueName":"search_term_string"}}],"inLanguage":"es"}]}},"_links":{"self":[{"href":"https:\/\/irecover.mx\/index.php\/wp-json\/wp\/v2\/pages\/203","targetHints":{"allow":["GET"]}}],"collection":[{"href":"https:\/\/irecover.mx\/index.php\/wp-json\/wp\/v2\/pages"}],"about":[{"href":"https:\/\/irecover.mx\/index.php\/wp-json\/wp\/v2\/types\/page"}],"author":[{"embeddable":true,"href":"https:\/\/irecover.mx\/index.php\/wp-json\/wp\/v2\/users\/1"}],"replies":[{"embeddable":true,"href":"https:\/\/irecover.mx\/index.php\/wp-json\/wp\/v2\/comments?post=203"}],"version-history":[{"count":4,"href":"https:\/\/irecover.mx\/index.php\/wp-json\/wp\/v2\/pages\/203\/revisions"}],"predecessor-version":[{"id":552,"href":"https:\/\/irecover.mx\/index.php\/wp-json\/wp\/v2\/pages\/203\/revisions\/552"}],"up":[{"embeddable":true,"href":"https:\/\/irecover.mx\/index.php\/wp-json\/wp\/v2\/pages\/209"}],"wp:attachment":[{"href":"https:\/\/irecover.mx\/index.php\/wp-json\/wp\/v2\/media?parent=203"}],"curies":[{"name":"wp","href":"https:\/\/api.w.org\/{rel}","templated":true}]}}