{"id":197,"date":"2025-01-04T20:21:25","date_gmt":"2025-01-04T20:21:25","guid":{"rendered":"https:\/\/irecover.mx\/?page_id=197"},"modified":"2025-05-27T15:24:09","modified_gmt":"2025-05-27T15:24:09","slug":"comercializacion-de-scrap","status":"publish","type":"page","link":"https:\/\/irecover.mx\/index.php\/nuestros-servicios\/comercializacion-de-scrap\/","title":{"rendered":"Comercializaci\u00f3n de Scrap"},"content":{"rendered":"<p>[et_pb_section fb_built=\u00bb1&#8243; fullwidth=\u00bbon\u00bb _builder_version=\u00bb4.27.4&#8243; _module_preset=\u00bbdefault\u00bb da_disable_devices=\u00bboff|off|off\u00bb global_colors_info=\u00bb{}\u00bb da_is_popup=\u00bboff\u00bb da_exit_intent=\u00bboff\u00bb da_has_close=\u00bbon\u00bb da_alt_close=\u00bboff\u00bb da_dark_close=\u00bboff\u00bb da_not_modal=\u00bbon\u00bb da_is_singular=\u00bboff\u00bb da_with_loader=\u00bboff\u00bb da_has_shadow=\u00bbon\u00bb][et_pb_fullwidth_slider show_arrows=\u00bboff\u00bb show_pagination=\u00bboff\u00bb _builder_version=\u00bb4.27.4&#8243; _module_preset=\u00bbdefault\u00bb background_color=\u00bbrgba(0,0,0,0.74)\u00bb background_image=\u00bbhttps:\/\/irecover.mx\/wp-content\/uploads\/2025\/01\/65cd3e9e9aa415864c8b4567_color.jpg\u00bb background_blend=\u00bbmultiply\u00bb custom_padding=\u00bb171px||166px|||\u00bb global_colors_info=\u00bb{}\u00bb][et_pb_slide heading=\u00bbPara la gran industria\u00bb _builder_version=\u00bb4.27.4&#8243; _module_preset=\u00bbdefault\u00bb header_level=\u00bbh1&#8243; header_font=\u00bbRoboto|700|||||||\u00bb header_font_size=\u00bb83px\u00bb global_colors_info=\u00bb{}\u00bb sticky_transition=\u00bbon\u00bb][\/et_pb_slide][\/et_pb_fullwidth_slider][\/et_pb_section][et_pb_section fb_built=\u00bb1&#8243; _builder_version=\u00bb4.27.4&#8243; _module_preset=\u00bbdefault\u00bb width=\u00bb100%\u00bb max_width=\u00bb100%\u00bb custom_padding=\u00bb13px||0px|||\u00bb da_disable_devices=\u00bboff|off|off\u00bb global_colors_info=\u00bb{}\u00bb da_is_popup=\u00bboff\u00bb da_exit_intent=\u00bboff\u00bb da_has_close=\u00bbon\u00bb da_alt_close=\u00bboff\u00bb da_dark_close=\u00bboff\u00bb da_not_modal=\u00bbon\u00bb da_is_singular=\u00bboff\u00bb da_with_loader=\u00bboff\u00bb da_has_shadow=\u00bbon\u00bb][et_pb_row column_structure=\u00bb1_3,2_3&#8243; _builder_version=\u00bb4.27.4&#8243; _module_preset=\u00bbdefault\u00bb width=\u00bb90%\u00bb max_width=\u00bb80%\u00bb global_colors_info=\u00bb{}\u00bb][et_pb_column type=\u00bb1_3&#8243; _builder_version=\u00bb4.27.4&#8243; _module_preset=\u00bbdefault\u00bb global_colors_info=\u00bb{}\u00bb][et_pb_text _builder_version=\u00bb4.27.4&#8243; _module_preset=\u00bbdefault\u00bb text_font=\u00bbRoboto||||||||\u00bb text_text_color=\u00bb#d7c000&#8243; text_font_size=\u00bb30px\u00bb text_line_height=\u00bb1.1em\u00bb border_width_right=\u00bb1px\u00bb border_color_right=\u00bb#999999&#8243; global_colors_info=\u00bb{}\u00bb]<\/p>\n<p>Gestionamos tus inventarios de SCRAP de manera eficiente<\/p>\n<p>[\/et_pb_text][\/et_pb_column][et_pb_column type=\u00bb2_3&#8243; _builder_version=\u00bb4.27.4&#8243; _module_preset=\u00bbdefault\u00bb global_colors_info=\u00bb{}\u00bb][et_pb_text _builder_version=\u00bb4.27.4&#8243; _module_preset=\u00bbdefault\u00bb text_font=\u00bbRoboto||||||||\u00bb text_font_size=\u00bb16px\u00bb global_colors_info=\u00bb{}\u00bb]<\/p>\n<p style=\"text-align: justify;\">La industria genera grandes vol\u00famenes de scrap met\u00e1lico como resultado de sus procesos de manufactura. En IRS, nos especializamos en la comercializaci\u00f3n de estos materiales, ofreciendo soluciones dise\u00f1adas para maquiladoras, f\u00e1bricas y otros generadores de scrap a gran escala.<\/p>\n<p>[\/et_pb_text][\/et_pb_column][\/et_pb_row][\/et_pb_section][et_pb_section fb_built=\u00bb1&#8243; _builder_version=\u00bb4.27.4&#8243; _module_preset=\u00bbdefault\u00bb background_color=\u00bb#d7c000&#8243; background_image=\u00bbhttps:\/\/irecover.mx\/wp-content\/uploads\/2025\/01\/sctap-scaled.jpg\u00bb background_blend=\u00bbmultiply\u00bb width=\u00bb100%\u00bb max_width=\u00bb100%\u00bb custom_padding=\u00bb13px||0px|||\u00bb da_disable_devices=\u00bboff|off|off\u00bb global_colors_info=\u00bb{}\u00bb da_is_popup=\u00bboff\u00bb da_exit_intent=\u00bboff\u00bb da_has_close=\u00bbon\u00bb da_alt_close=\u00bboff\u00bb da_dark_close=\u00bboff\u00bb da_not_modal=\u00bbon\u00bb da_is_singular=\u00bboff\u00bb da_with_loader=\u00bboff\u00bb da_has_shadow=\u00bbon\u00bb][et_pb_row column_structure=\u00bb1_2,1_2&#8243; use_custom_gutter=\u00bbon\u00bb gutter_width=\u00bb1&#8243; _builder_version=\u00bb4.27.4&#8243; _module_preset=\u00bbdefault\u00bb width=\u00bb90%\u00bb max_width=\u00bb80%\u00bb global_colors_info=\u00bb{}\u00bb][et_pb_column type=\u00bb1_2&#8243; _builder_version=\u00bb4.27.4&#8243; _module_preset=\u00bbdefault\u00bb global_colors_info=\u00bb{}\u00bb][\/et_pb_column][et_pb_column type=\u00bb1_2&#8243; _builder_version=\u00bb4.27.4&#8243; _module_preset=\u00bbdefault\u00bb global_colors_info=\u00bb{}\u00bb][et_pb_text _builder_version=\u00bb4.27.4&#8243; _module_preset=\u00bbdefault\u00bb text_font=\u00bbRoboto||||||||\u00bb text_text_color=\u00bb#FFFFFF\u00bb text_font_size=\u00bb21px\u00bb background_color=\u00bbrgba(0,0,0,0.61)\u00bb custom_margin=\u00bb||||true\u00bb custom_padding=\u00bb13px|20px|13px|20px|true|true\u00bb global_colors_info=\u00bb{}\u00bb]<\/p>\n<p style=\"text-align: justify;\">Nuestro objetivo es convertir los residuos met\u00e1licos en un recurso valioso para la industria. A trav\u00e9s de procesos especializados de clasificaci\u00f3n y separaci\u00f3n, aseguramos que cada material cumpla con los est\u00e1ndares de calidad requeridos para su reutilizaci\u00f3n. Esto no solo contribuye al ciclo productivo, sino que tambi\u00e9n reduce el impacto ambiental de las operaciones industriales.<\/p>\n<p style=\"text-align: justify;\">Adem\u00e1s, entendemos las necesidades log\u00edsticas de nuestros clientes. Ofrecemos servicios de recolecci\u00f3n en sitio y transporte confiable para grandes vol\u00famenes de scrap, facilitando as\u00ed la gesti\u00f3n de materiales y optimizando los tiempos de operaci\u00f3n.<\/p>\n<p style=\"text-align: justify;\">En IRS, trabajamos estrechamente con nuestros clientes para garantizar que el scrap met\u00e1lico sea manejado de manera responsable, siguiendo las normativas vigentes y priorizando la sostenibilidad. Esta visi\u00f3n no solo refuerza el compromiso ambiental de las empresas, sino que tambi\u00e9n optimiza el valor econ\u00f3mico de los materiales reciclados.<\/p>\n<p style=\"text-align: justify;\">Estamos comprometidos con la industria, ofreciendo un enfoque integral que asegura resultados eficientes y confiables en la comercializaci\u00f3n de scrap met\u00e1lico. Si est\u00e1s buscando un socio estrat\u00e9gico que transforme tus residuos en oportunidades, somos la soluci\u00f3n que necesitas.<\/p>\n<p>[\/et_pb_text][\/et_pb_column][\/et_pb_row][\/et_pb_section][et_pb_section fb_built=\u00bb1&#8243; _builder_version=\u00bb4.27.4&#8243; _module_preset=\u00bbdefault\u00bb custom_padding=\u00bb||32px|||\u00bb da_disable_devices=\u00bboff|off|off\u00bb global_colors_info=\u00bb{}\u00bb da_is_popup=\u00bboff\u00bb da_exit_intent=\u00bboff\u00bb da_has_close=\u00bbon\u00bb da_alt_close=\u00bboff\u00bb da_dark_close=\u00bboff\u00bb da_not_modal=\u00bbon\u00bb da_is_singular=\u00bboff\u00bb da_with_loader=\u00bboff\u00bb da_has_shadow=\u00bbon\u00bb][et_pb_row _builder_version=\u00bb4.27.4&#8243; _module_preset=\u00bbdefault\u00bb global_colors_info=\u00bb{}\u00bb][et_pb_column type=\u00bb4_4&#8243; _builder_version=\u00bb4.27.4&#8243; _module_preset=\u00bbdefault\u00bb global_colors_info=\u00bb{}\u00bb][et_pb_text _builder_version=\u00bb4.27.4&#8243; _module_preset=\u00bbdefault\u00bb text_font=\u00bbActor||on||||||\u00bb text_font_size=\u00bb41px\u00bb custom_padding=\u00bb||15px||false|false\u00bb global_colors_info=\u00bb{}\u00bb]<\/p>\n<p style=\"text-align: center;\">\u201cTransformando <strong>residuos<\/strong> en <strong>oportunidades<\/strong>\u201d<\/p>\n<p>[\/et_pb_text][\/et_pb_column][\/et_pb_row][\/et_pb_section][et_pb_section fb_built=\u00bb1&#8243; _builder_version=\u00bb4.27.4&#8243; _module_preset=\u00bbdefault\u00bb background_color=\u00bb#000000&#8243; width=\u00bb100%\u00bb max_width=\u00bb100%\u00bb custom_padding=\u00bb28px||15px|||\u00bb da_disable_devices=\u00bboff|off|off\u00bb global_colors_info=\u00bb{}\u00bb da_is_popup=\u00bboff\u00bb da_exit_intent=\u00bboff\u00bb da_has_close=\u00bbon\u00bb da_alt_close=\u00bboff\u00bb da_dark_close=\u00bboff\u00bb da_not_modal=\u00bbon\u00bb da_is_singular=\u00bboff\u00bb da_with_loader=\u00bboff\u00bb da_has_shadow=\u00bbon\u00bb][et_pb_row column_structure=\u00bb3_5,2_5&#8243; _builder_version=\u00bb4.27.4&#8243; _module_preset=\u00bbdefault\u00bb width=\u00bb100%\u00bb max_width=\u00bb75%\u00bb global_colors_info=\u00bb{}\u00bb][et_pb_column type=\u00bb3_5&#8243; _builder_version=\u00bb4.27.4&#8243; _module_preset=\u00bbdefault\u00bb global_colors_info=\u00bb{}\u00bb][et_pb_image src=\u00bbhttps:\/\/irecover.mx\/wp-content\/uploads\/2025\/05\/fc24d072-3325-4f5a-8a0c-5f01f275414b-e1748359255583.jpg\u00bb title_text=\u00bbfc24d072-3325-4f5a-8a0c-5f01f275414b\u00bb _builder_version=\u00bb4.27.4&#8243; _module_preset=\u00bbdefault\u00bb hover_enabled=\u00bb0&#8243; global_colors_info=\u00bb{}\u00bb sticky_enabled=\u00bb0&#8243;][\/et_pb_image][\/et_pb_column][et_pb_column type=\u00bb2_5&#8243; _builder_version=\u00bb4.27.4&#8243; _module_preset=\u00bbdefault\u00bb global_colors_info=\u00bb{}\u00bb][et_pb_text _builder_version=\u00bb4.27.4&#8243; _module_preset=\u00bbdefault\u00bb text_font=\u00bbRoboto||||||||\u00bb text_text_color=\u00bb#FFFFFF\u00bb text_font_size=\u00bb20px\u00bb text_line_height=\u00bb1.5em\u00bb global_colors_info=\u00bb{}\u00bb]<\/p>\n<div class=\"flex max-w-full flex-col flex-grow\">\n<div data-message-author-role=\"assistant\" data-message-id=\"7e6fecb4-47af-4a56-ab5a-e4207a2aa3e4\" dir=\"auto\" class=\"min-h-8 text-message flex w-full flex-col items-end gap-2 whitespace-normal break-words text-start [.text-message+&amp;]:mt-5\" data-message-model-slug=\"gpt-4o\">\n<div class=\"flex w-full flex-col gap-1 empty:hidden first:pt-[3px]\">\n<div class=\"markdown prose w-full break-words dark:prose-invert dark\">\n<p style=\"text-align: center;\">\u00abEconom\u00eda Circular\u00bb<\/p>\n<p style=\"text-align: justify;\">La comercializaci\u00f3n de scrap met\u00e1lico no solo genera valor econ\u00f3mico, sino que tambi\u00e9n desempe\u00f1a un papel clave en la <strong>econom\u00eda circular<\/strong>, un modelo que busca extender la vida \u00fatil de los materiales, reduciendo el desperdicio y promoviendo la reutilizaci\u00f3n eficiente. Al procesar y clasificar el scrap para reintegrarlo en la industria, contribuimos a disminuir la extracci\u00f3n de recursos naturales, minimizar el consumo energ\u00e9tico y reducir significativamente las emisiones de carbono. Este enfoque no solo optimiza los procesos industriales, sino que tambi\u00e9n tiene un impacto ambiental positivo, ayudando a construir un futuro m\u00e1s sostenible para las generaciones venideras.<\/p>\n<\/div>\n<\/div>\n<\/div>\n<\/div>\n<p>[\/et_pb_text][\/et_pb_column][\/et_pb_row][\/et_pb_section]<\/p>\n","protected":false},"excerpt":{"rendered":"<p>Gestionamos tus inventarios de SCRAP de manera eficienteLa industria genera grandes vol\u00famenes de scrap met\u00e1lico como resultado de sus procesos de manufactura. En IRS, nos especializamos en la comercializaci\u00f3n de estos materiales, ofreciendo soluciones dise\u00f1adas para maquiladoras, f\u00e1bricas y otros generadores de scrap a gran escala.Nuestro objetivo es convertir los residuos met\u00e1licos en un recurso [&hellip;]<\/p>\n","protected":false},"author":1,"featured_media":0,"parent":209,"menu_order":0,"comment_status":"closed","ping_status":"closed","template":"","meta":{"_et_pb_use_builder":"on","_et_pb_old_content":"<!-- wp:divi\/placeholder \/-->","_et_gb_content_width":"","om_disable_all_campaigns":false,"footnotes":""},"class_list":["post-197","page","type-page","status-publish","hentry"],"yoast_head":"<!-- This site is optimized with the Yoast SEO plugin v27.4 - https:\/\/yoast.com\/product\/yoast-seo-wordpress\/ -->\n<title>Comercializaci\u00f3n de Scrap - INDUSTRIAL RECOVERY SOLUTIONS<\/title>\n<meta name=\"robots\" content=\"index, follow, max-snippet:-1, max-image-preview:large, max-video-preview:-1\" \/>\n<link rel=\"canonical\" href=\"https:\/\/irecover.mx\/index.php\/nuestros-servicios\/comercializacion-de-scrap\/\" \/>\n<meta property=\"og:locale\" content=\"es_ES\" \/>\n<meta property=\"og:type\" content=\"article\" \/>\n<meta property=\"og:title\" content=\"Comercializaci\u00f3n de Scrap - INDUSTRIAL RECOVERY SOLUTIONS\" \/>\n<meta property=\"og:description\" content=\"Gestionamos tus inventarios de SCRAP de manera eficienteLa industria genera grandes vol\u00famenes de scrap met\u00e1lico como resultado de sus procesos de manufactura. En IRS, nos especializamos en la comercializaci\u00f3n de estos materiales, ofreciendo soluciones dise\u00f1adas para maquiladoras, f\u00e1bricas y otros generadores de scrap a gran escala.Nuestro objetivo es convertir los residuos met\u00e1licos en un recurso [&hellip;]\" \/>\n<meta property=\"og:url\" content=\"https:\/\/irecover.mx\/index.php\/nuestros-servicios\/comercializacion-de-scrap\/\" \/>\n<meta property=\"og:site_name\" content=\"INDUSTRIAL RECOVERY SOLUTIONS\" \/>\n<meta property=\"article:modified_time\" content=\"2025-05-27T15:24:09+00:00\" \/>\n<meta name=\"twitter:card\" content=\"summary_large_image\" \/>\n<meta name=\"twitter:label1\" content=\"Tiempo de lectura\" \/>\n\t<meta name=\"twitter:data1\" content=\"6 minutos\" \/>\n<script type=\"application\/ld+json\" class=\"yoast-schema-graph\">{\"@context\":\"https:\\\/\\\/schema.org\",\"@graph\":[{\"@type\":\"WebPage\",\"@id\":\"https:\\\/\\\/irecover.mx\\\/index.php\\\/nuestros-servicios\\\/comercializacion-de-scrap\\\/\",\"url\":\"https:\\\/\\\/irecover.mx\\\/index.php\\\/nuestros-servicios\\\/comercializacion-de-scrap\\\/\",\"name\":\"Comercializaci\u00f3n de Scrap - INDUSTRIAL RECOVERY SOLUTIONS\",\"isPartOf\":{\"@id\":\"https:\\\/\\\/irecover.mx\\\/#website\"},\"datePublished\":\"2025-01-04T20:21:25+00:00\",\"dateModified\":\"2025-05-27T15:24:09+00:00\",\"breadcrumb\":{\"@id\":\"https:\\\/\\\/irecover.mx\\\/index.php\\\/nuestros-servicios\\\/comercializacion-de-scrap\\\/#breadcrumb\"},\"inLanguage\":\"es\",\"potentialAction\":[{\"@type\":\"ReadAction\",\"target\":[\"https:\\\/\\\/irecover.mx\\\/index.php\\\/nuestros-servicios\\\/comercializacion-de-scrap\\\/\"]}]},{\"@type\":\"BreadcrumbList\",\"@id\":\"https:\\\/\\\/irecover.mx\\\/index.php\\\/nuestros-servicios\\\/comercializacion-de-scrap\\\/#breadcrumb\",\"itemListElement\":[{\"@type\":\"ListItem\",\"position\":1,\"name\":\"Portada\",\"item\":\"https:\\\/\\\/irecover.mx\\\/\"},{\"@type\":\"ListItem\",\"position\":2,\"name\":\"Nuestros servicios\",\"item\":\"https:\\\/\\\/irecover.mx\\\/index.php\\\/nuestros-servicios\\\/\"},{\"@type\":\"ListItem\",\"position\":3,\"name\":\"Comercializaci\u00f3n de Scrap\"}]},{\"@type\":\"WebSite\",\"@id\":\"https:\\\/\\\/irecover.mx\\\/#website\",\"url\":\"https:\\\/\\\/irecover.mx\\\/\",\"name\":\"ROLL OFF SERVICE | GESTION INTEGRAL DE RESIDUOS Y CONTROL DE SCRAP\",\"description\":\"Recolecciones de Scrap industrial, chatarra y metales.\",\"potentialAction\":[{\"@type\":\"SearchAction\",\"target\":{\"@type\":\"EntryPoint\",\"urlTemplate\":\"https:\\\/\\\/irecover.mx\\\/?s={search_term_string}\"},\"query-input\":{\"@type\":\"PropertyValueSpecification\",\"valueRequired\":true,\"valueName\":\"search_term_string\"}}],\"inLanguage\":\"es\"}]}<\/script>\n<!-- \/ Yoast SEO plugin. -->","yoast_head_json":{"title":"Comercializaci\u00f3n de Scrap - INDUSTRIAL RECOVERY SOLUTIONS","robots":{"index":"index","follow":"follow","max-snippet":"max-snippet:-1","max-image-preview":"max-image-preview:large","max-video-preview":"max-video-preview:-1"},"canonical":"https:\/\/irecover.mx\/index.php\/nuestros-servicios\/comercializacion-de-scrap\/","og_locale":"es_ES","og_type":"article","og_title":"Comercializaci\u00f3n de Scrap - INDUSTRIAL RECOVERY SOLUTIONS","og_description":"Gestionamos tus inventarios de SCRAP de manera eficienteLa industria genera grandes vol\u00famenes de scrap met\u00e1lico como resultado de sus procesos de manufactura. En IRS, nos especializamos en la comercializaci\u00f3n de estos materiales, ofreciendo soluciones dise\u00f1adas para maquiladoras, f\u00e1bricas y otros generadores de scrap a gran escala.Nuestro objetivo es convertir los residuos met\u00e1licos en un recurso [&hellip;]","og_url":"https:\/\/irecover.mx\/index.php\/nuestros-servicios\/comercializacion-de-scrap\/","og_site_name":"INDUSTRIAL RECOVERY SOLUTIONS","article_modified_time":"2025-05-27T15:24:09+00:00","twitter_card":"summary_large_image","twitter_misc":{"Tiempo de lectura":"6 minutos"},"schema":{"@context":"https:\/\/schema.org","@graph":[{"@type":"WebPage","@id":"https:\/\/irecover.mx\/index.php\/nuestros-servicios\/comercializacion-de-scrap\/","url":"https:\/\/irecover.mx\/index.php\/nuestros-servicios\/comercializacion-de-scrap\/","name":"Comercializaci\u00f3n de Scrap - INDUSTRIAL RECOVERY SOLUTIONS","isPartOf":{"@id":"https:\/\/irecover.mx\/#website"},"datePublished":"2025-01-04T20:21:25+00:00","dateModified":"2025-05-27T15:24:09+00:00","breadcrumb":{"@id":"https:\/\/irecover.mx\/index.php\/nuestros-servicios\/comercializacion-de-scrap\/#breadcrumb"},"inLanguage":"es","potentialAction":[{"@type":"ReadAction","target":["https:\/\/irecover.mx\/index.php\/nuestros-servicios\/comercializacion-de-scrap\/"]}]},{"@type":"BreadcrumbList","@id":"https:\/\/irecover.mx\/index.php\/nuestros-servicios\/comercializacion-de-scrap\/#breadcrumb","itemListElement":[{"@type":"ListItem","position":1,"name":"Portada","item":"https:\/\/irecover.mx\/"},{"@type":"ListItem","position":2,"name":"Nuestros servicios","item":"https:\/\/irecover.mx\/index.php\/nuestros-servicios\/"},{"@type":"ListItem","position":3,"name":"Comercializaci\u00f3n de Scrap"}]},{"@type":"WebSite","@id":"https:\/\/irecover.mx\/#website","url":"https:\/\/irecover.mx\/","name":"ROLL OFF SERVICE | GESTION INTEGRAL DE RESIDUOS Y CONTROL DE SCRAP","description":"Recolecciones de Scrap industrial, chatarra y metales.","potentialAction":[{"@type":"SearchAction","target":{"@type":"EntryPoint","urlTemplate":"https:\/\/irecover.mx\/?s={search_term_string}"},"query-input":{"@type":"PropertyValueSpecification","valueRequired":true,"valueName":"search_term_string"}}],"inLanguage":"es"}]}},"_links":{"self":[{"href":"https:\/\/irecover.mx\/index.php\/wp-json\/wp\/v2\/pages\/197","targetHints":{"allow":["GET"]}}],"collection":[{"href":"https:\/\/irecover.mx\/index.php\/wp-json\/wp\/v2\/pages"}],"about":[{"href":"https:\/\/irecover.mx\/index.php\/wp-json\/wp\/v2\/types\/page"}],"author":[{"embeddable":true,"href":"https:\/\/irecover.mx\/index.php\/wp-json\/wp\/v2\/users\/1"}],"replies":[{"embeddable":true,"href":"https:\/\/irecover.mx\/index.php\/wp-json\/wp\/v2\/comments?post=197"}],"version-history":[{"count":8,"href":"https:\/\/irecover.mx\/index.php\/wp-json\/wp\/v2\/pages\/197\/revisions"}],"predecessor-version":[{"id":546,"href":"https:\/\/irecover.mx\/index.php\/wp-json\/wp\/v2\/pages\/197\/revisions\/546"}],"up":[{"embeddable":true,"href":"https:\/\/irecover.mx\/index.php\/wp-json\/wp\/v2\/pages\/209"}],"wp:attachment":[{"href":"https:\/\/irecover.mx\/index.php\/wp-json\/wp\/v2\/media?parent=197"}],"curies":[{"name":"wp","href":"https:\/\/api.w.org\/{rel}","templated":true}]}}