{"id":181,"date":"2025-01-04T16:57:09","date_gmt":"2025-01-04T16:57:09","guid":{"rendered":"https:\/\/irecover.mx\/?page_id=181"},"modified":"2025-05-27T01:42:34","modified_gmt":"2025-05-27T01:42:34","slug":"preguntas-frecuentes","status":"publish","type":"page","link":"https:\/\/irecover.mx\/index.php\/preguntas-frecuentes\/","title":{"rendered":"Preguntas frecuentes"},"content":{"rendered":"<p>[et_pb_section fb_built=\u00bb1&#8243; fullwidth=\u00bbon\u00bb _builder_version=\u00bb4.27.4&#8243; _module_preset=\u00bbdefault\u00bb da_disable_devices=\u00bboff|off|off\u00bb global_colors_info=\u00bb{}\u00bb da_is_popup=\u00bboff\u00bb da_exit_intent=\u00bboff\u00bb da_has_close=\u00bbon\u00bb da_alt_close=\u00bboff\u00bb da_dark_close=\u00bboff\u00bb da_not_modal=\u00bbon\u00bb da_is_singular=\u00bboff\u00bb da_with_loader=\u00bboff\u00bb da_has_shadow=\u00bbon\u00bb][et_pb_fullwidth_slider show_arrows=\u00bboff\u00bb show_pagination=\u00bboff\u00bb _builder_version=\u00bb4.27.4&#8243; _module_preset=\u00bbdefault\u00bb background_color=\u00bbrgba(0,0,0,0.74)\u00bb background_image=\u00bbhttps:\/\/irecover.mx\/wp-content\/uploads\/2025\/01\/chatarra.jpg\u00bb background_blend=\u00bbmultiply\u00bb custom_padding=\u00bb171px||166px|||\u00bb global_colors_info=\u00bb{}\u00bb][et_pb_slide heading=\u00bbPreguntas Frecuentes\u00bb _builder_version=\u00bb4.27.4&#8243; _module_preset=\u00bbdefault\u00bb header_level=\u00bbh1&#8243; header_font=\u00bbRoboto|700|||||||\u00bb header_font_size=\u00bb83px\u00bb global_colors_info=\u00bb{}\u00bb sticky_transition=\u00bbon\u00bb][\/et_pb_slide][\/et_pb_fullwidth_slider][\/et_pb_section][et_pb_section fb_built=\u00bb1&#8243; _builder_version=\u00bb4.27.4&#8243; _module_preset=\u00bbdefault\u00bb da_disable_devices=\u00bboff|off|off\u00bb global_colors_info=\u00bb{}\u00bb da_is_popup=\u00bboff\u00bb da_exit_intent=\u00bboff\u00bb da_has_close=\u00bbon\u00bb da_alt_close=\u00bboff\u00bb da_dark_close=\u00bboff\u00bb da_not_modal=\u00bbon\u00bb da_is_singular=\u00bboff\u00bb da_with_loader=\u00bboff\u00bb da_has_shadow=\u00bbon\u00bb][et_pb_row _builder_version=\u00bb4.27.4&#8243; _module_preset=\u00bbdefault\u00bb custom_padding=\u00bb||0px|||\u00bb global_colors_info=\u00bb{}\u00bb][et_pb_column type=\u00bb4_4&#8243; _builder_version=\u00bb4.27.4&#8243; _module_preset=\u00bbdefault\u00bb global_colors_info=\u00bb{}\u00bb][et_pb_blurb title=\u00bbUn vistazo general\u00bb image_icon_background_color=\u00bb#189122&#8243; content_max_width=\u00bb100%\u00bb _builder_version=\u00bb4.27.4&#8243; _module_preset=\u00bbdefault\u00bb header_level=\u00bbh5&#8243; header_font=\u00bbRoboto|700|||||||\u00bb header_text_color=\u00bb#d7c000&#8243; body_font=\u00bbRoboto||||||||\u00bb body_font_size=\u00bb34px\u00bb hover_enabled=\u00bb0&#8243; global_colors_info=\u00bb{}\u00bb sticky_enabled=\u00bb0&#8243;]<\/p>\n<p>Alimentamos la informaci\u00f3n para que siempre est\u00e9s actualizado.<\/p>\n<p>[\/et_pb_blurb][et_pb_accordion _builder_version=\u00bb4.27.4&#8243; _module_preset=\u00bbdefault\u00bb hover_enabled=\u00bb0&#8243; global_colors_info=\u00bb{}\u00bb sticky_enabled=\u00bb0&#8243;][et_pb_accordion_item title=\u00bb\u00bfRecolectan a domicilio?\u00bb _builder_version=\u00bb4.27.4&#8243; _module_preset=\u00bbdefault\u00bb hover_enabled=\u00bb0&#8243; global_colors_info=\u00bb{}\u00bb open=\u00bboff\u00bb sticky_enabled=\u00bb0&#8243;]<\/p>\n<p>Si, en\u00a0<strong>IRS, <\/strong>contamos con servicio de recolecci\u00f3n para grandes y medianos generadores, as\u00ed como equipamiento para movimiento de cargas, disponemos de contenedores tipo open top, sistemas roll off de hasta 30 toneladas, gr\u00faas poligrapas. imanes para poligrapas, tolvas chatarreras, gr\u00faa tit\u00e1n y todo lo necesario para retirar el scrap de donde se encuentre.<\/p>\n<p>[\/et_pb_accordion_item][et_pb_accordion_item title=\u00bb\u00bfHacen desmantelamientos?\u00bb _builder_version=\u00bb4.27.4&#8243; _module_preset=\u00bbdefault\u00bb global_colors_info=\u00bb{}\u00bb open=\u00bboff\u00bb]<\/p>\n<p>Si, tenemos la capacidad de retirar tu basura industrial, as\u00ed como maquinaria obsoleta, desmantelamiento de plantas de fabricaci\u00f3jn, remoci\u00f3n de componentes e instalaciones el\u00e9ctricas entre otras m\u00e1s.<\/p>\n<p>[\/et_pb_accordion_item][et_pb_accordion_item title=\u00bb\u00bfCu\u00e1les son los precios?\u00bb _builder_version=\u00bb4.27.4&#8243; _module_preset=\u00bbdefault\u00bb global_colors_info=\u00bb{}\u00bb open=\u00bboff\u00bb]<\/p>\n<p>En este mercado es muy dificil y en ocasiones imposible determinar la variaci\u00f3n de cotos, es importante que siempre tengas los precios actualizados, puedes acercarte con un asesor comercial para tener las \u00faltimas noticias o suscribirte a nuestro newsletter.<\/p>\n<p>[\/et_pb_accordion_item][et_pb_accordion_item title=\u00bb\u00bfEn qu\u00e9 horarios atienden?\u00bb _builder_version=\u00bb4.27.4&#8243; _module_preset=\u00bbdefault\u00bb global_colors_info=\u00bb{}\u00bb open=\u00bboff\u00bb]<\/p>\n<p>Trabajamos toda la semana de\u00a0<br \/>LUNES A VIERNES DE 8:30 HRS A 18:00 HRS<\/p>\n<p>SABADOS DE 8:00 HRS A 14:00 HRS<\/p>\n<p>[\/et_pb_accordion_item][et_pb_accordion_item title=\u00bb\u00bfQu\u00e9 materiales no se aceptan?\u00bb open=\u00bbon\u00bb _builder_version=\u00bb4.27.4&#8243; _module_preset=\u00bbdefault\u00bb hover_enabled=\u00bb0&#8243; global_colors_info=\u00bb{}\u00bb sticky_enabled=\u00bb0&#8243;]<\/p>\n<div class=\"flex-shrink-0 flex flex-col relative items-end\">\n<div>\n<div class=\"pt-0\">\n<div class=\"gizmo-bot-avatar flex h-8 w-8 items-center justify-center overflow-hidden rounded-full\"><\/div>\n<\/div>\n<\/div>\n<\/div>\n<div class=\"group\/conversation-turn relative flex w-full min-w-0 flex-col agent-turn\">\n<div class=\"flex-col gap-1 md:gap-3\">\n<div class=\"flex max-w-full flex-col flex-grow\">\n<div data-message-author-role=\"assistant\" data-message-id=\"763a7654-9ef4-4566-b053-dc2f18bbdf2a\" dir=\"auto\" class=\"min-h-8 text-message flex w-full flex-col items-end gap-2 whitespace-normal break-words text-start [.text-message+&amp;]:mt-5\" data-message-model-slug=\"gpt-4o\">\n<div class=\"flex w-full flex-col gap-1 empty:hidden first:pt-[3px]\">\n<div class=\"markdown prose w-full break-words dark:prose-invert dark\">\n<p>En <strong>IRS<\/strong>, aseguramos el cumplimiento de las normativas ambientales y de seguridad. Por esta raz\u00f3n, no aceptamos los siguientes materiales:<\/p>\n<ul>\n<li>Tanques de aceite llenos o con residuos l\u00edquidos peligrosos.<\/li>\n<li>Materiales que contengan PCB, como balastos de luz fluorescente, condensadores o transformadores.<\/li>\n<li>Chatarra ferroviaria, barriles de cerveza u otros elementos que requieran autorizaci\u00f3n especial.<\/li>\n<li>Art\u00edculos que contengan mercurio, CFC o materiales radiactivos.<\/li>\n<li>Materiales que contengan asbesto o cualquier otra sustancia peligrosa regulada por la ley.<\/li>\n<li>Cilindros o tanques cerrados y presurizados.<\/li>\n<li>Bater\u00edas que no sean de plomo-\u00e1cido.<\/li>\n<li>Residuos municipales, dom\u00e9sticos o no industriales.<\/li>\n<li>Materiales contaminados con residuos qu\u00edmicos o t\u00f3xicos no identificados.<\/li>\n<\/ul>\n<p>Podr\u00edamos solicitar documentaci\u00f3n que acredite la propiedad del material al momento de la transacci\u00f3n. Si tienes dudas sobre si un material es aceptable, comun\u00edcate con nuestro equipo o visita nuestra sucursal m\u00e1s cercana. Estamos para ayudarte.<\/p>\n<\/div>\n<\/div>\n<\/div>\n<\/div>\n<\/div>\n<\/div>\n<p>[\/et_pb_accordion_item][\/et_pb_accordion][et_pb_image src=\u00bbhttps:\/\/irecover.mx\/wp-content\/uploads\/2025\/01\/galb.png\u00bb title_text=\u00bbgalb\u00bb align=\u00bbcenter\u00bb _builder_version=\u00bb4.27.4&#8243; _module_preset=\u00bbdefault\u00bb transform_scale=\u00bb64%|64%\u00bb transform_translate=\u00bb567px|-320px\u00bb custom_margin=\u00bb||-356px||false|false\u00bb custom_padding=\u00bb||0px||false|false\u00bb animation_style=\u00bbfade\u00bb global_colors_info=\u00bb{}\u00bb][\/et_pb_image][\/et_pb_column][\/et_pb_row][\/et_pb_section][et_pb_section fb_built=\u00bb1&#8243; prev_background_color=\u00bb#ffffff\u00bb _builder_version=\u00bb4.27.4&#8243; _module_preset=\u00bbdefault\u00bb background_color=\u00bb#000000&#8243; top_divider_style=\u00bbarrow2&#8243; hover_enabled=\u00bb0&#8243; da_disable_devices=\u00bboff|off|off\u00bb global_colors_info=\u00bb{}\u00bb sticky_enabled=\u00bb0&#8243; da_is_popup=\u00bboff\u00bb da_exit_intent=\u00bboff\u00bb da_has_close=\u00bbon\u00bb da_alt_close=\u00bboff\u00bb da_dark_close=\u00bboff\u00bb da_not_modal=\u00bbon\u00bb da_is_singular=\u00bboff\u00bb da_with_loader=\u00bboff\u00bb da_has_shadow=\u00bbon\u00bb][et_pb_row _builder_version=\u00bb4.27.4&#8243; _module_preset=\u00bbdefault\u00bb global_colors_info=\u00bb{}\u00bb][et_pb_column type=\u00bb4_4&#8243; _builder_version=\u00bb4.27.4&#8243; _module_preset=\u00bbdefault\u00bb global_colors_info=\u00bb{}\u00bb][et_pb_text _builder_version=\u00bb4.27.4&#8243; _module_preset=\u00bbdefault\u00bb text_font=\u00bbRoboto|900|||||||\u00bb text_text_color=\u00bb#FFFFFF\u00bb text_font_size=\u00bb21px\u00bb global_colors_info=\u00bb{}\u00bb]<\/p>\n<p>Programa una recolecci\u00f3n<\/p>\n<p>[\/et_pb_text][et_pb_text _builder_version=\u00bb4.27.4&#8243; _module_preset=\u00bbdefault\u00bb text_font=\u00bbRoboto|500|||||||\u00bb text_text_color=\u00bb#FFFFFF\u00bb text_font_size=\u00bb29px\u00bb text_line_height=\u00bb1.1em\u00bb custom_margin=\u00bb-18px|||||\u00bb global_colors_info=\u00bb{}\u00bb]<\/p>\n<p>Podemos realizar la recolecci\u00f3n de tu scrap a domicilio, a partir de 1 tonelada en materiales no Ferrosos como cobre, bronce o plomo, y 2 Toneladas en materiales Ferrosos.<\/p>\n<p>[\/et_pb_text][\/et_pb_column][\/et_pb_row][et_pb_row column_structure=\u00bb1_3,1_3,1_3&#8243; _builder_version=\u00bb4.27.4&#8243; _module_preset=\u00bbdefault\u00bb custom_margin=\u00bb-29px|auto||auto||\u00bb global_colors_info=\u00bb{}\u00bb][et_pb_column type=\u00bb1_3&#8243; _builder_version=\u00bb4.27.4&#8243; _module_preset=\u00bbdefault\u00bb global_colors_info=\u00bb{}\u00bb][et_pb_blurb title=\u00bbResponsabilidad ambiental\u00bb use_icon=\u00bbon\u00bb font_icon=\u00bb&#xf299;||fa||400&#8243; icon_color=\u00bb#d7c000&#8243; image_icon_width=\u00bb73px\u00bb _builder_version=\u00bb4.27.4&#8243; _module_preset=\u00bbdefault\u00bb header_level=\u00bbh1&#8243; header_font=\u00bbRoboto|300|||||||\u00bb header_text_align=\u00bbcenter\u00bb header_font_size=\u00bb23px\u00bb background_layout=\u00bbdark\u00bb text_shadow_style=\u00bbpreset1&#8243; global_colors_info=\u00bb{}\u00bb][\/et_pb_blurb][\/et_pb_column][et_pb_column type=\u00bb1_3&#8243; _builder_version=\u00bb4.27.4&#8243; _module_preset=\u00bbdefault\u00bb global_colors_info=\u00bb{}\u00bb][et_pb_blurb title=\u00bbMejor valor por material\u00bb use_icon=\u00bbon\u00bb font_icon=\u00bb&#xf3a5;||fa||900&#8243; icon_color=\u00bb#FFFFFF\u00bb image_icon_width=\u00bb73px\u00bb _builder_version=\u00bb4.27.4&#8243; _module_preset=\u00bbdefault\u00bb header_level=\u00bbh1&#8243; header_font=\u00bbRoboto|300|||||||\u00bb header_text_align=\u00bbcenter\u00bb header_font_size=\u00bb23px\u00bb background_layout=\u00bbdark\u00bb text_shadow_style=\u00bbpreset1&#8243; global_colors_info=\u00bb{}\u00bb][\/et_pb_blurb][\/et_pb_column][et_pb_column type=\u00bb1_3&#8243; _builder_version=\u00bb4.27.4&#8243; _module_preset=\u00bbdefault\u00bb global_colors_info=\u00bb{}\u00bb][et_pb_blurb title=\u00bbCapacidad de operaci\u00f3n\u00bb use_icon=\u00bbon\u00bb font_icon=\u00bb&#xf4df;||fa||900&#8243; icon_color=\u00bb#d7c000&#8243; image_icon_width=\u00bb73px\u00bb _builder_version=\u00bb4.27.4&#8243; _module_preset=\u00bbdefault\u00bb header_level=\u00bbh1&#8243; header_font=\u00bbRoboto|300|||||||\u00bb header_text_align=\u00bbcenter\u00bb header_font_size=\u00bb23px\u00bb background_layout=\u00bbdark\u00bb hover_enabled=\u00bb0&#8243; text_shadow_style=\u00bbpreset1&#8243; global_colors_info=\u00bb{}\u00bb sticky_enabled=\u00bb0&#8243;][\/et_pb_blurb][\/et_pb_column][\/et_pb_row][et_pb_row _builder_version=\u00bb4.27.4&#8243; _module_preset=\u00bbdefault\u00bb background_color=\u00bb#FFFFFF\u00bb custom_padding=\u00bb43px|20px|43px|20px|true|true\u00bb box_shadow_style=\u00bbpreset1&#8243; box_shadow_vertical=\u00bb0px\u00bb box_shadow_blur=\u00bb60px\u00bb global_colors_info=\u00bb{}\u00bb][et_pb_column type=\u00bb4_4&#8243; _builder_version=\u00bb4.27.4&#8243; _module_preset=\u00bbdefault\u00bb global_colors_info=\u00bb{}\u00bb][et_pb_text _builder_version=\u00bb4.27.4&#8243; _module_preset=\u00bbdefault\u00bb text_font=\u00bbRoboto|||on|||||\u00bb text_font_size=\u00bb22px\u00bb global_colors_info=\u00bb{}\u00bb]<\/p>\n<p>PROGRAMAR UNA RECOLECCI\u00d3N<\/p>\n<p>[\/et_pb_text][et_pb_contact_form use_spam_service=\u00bbon\u00bb email=\u00bbinfo@camionesrolloff.com\u00bb success_message=\u00bbGracias, en breve nos pondremos en contacto\u00bb submit_button_text=\u00bbEnviar la solicitud\u00bb _builder_version=\u00bb4.27.4&#8243; _module_preset=\u00bbdefault\u00bb _unique_id=\u00bb6bfdc341-d6fc-4d75-b120-f15da916481e\u00bb form_field_background_color=\u00bb#f9f9f9&#8243; form_field_custom_margin=\u00bb3px||3px||true|true\u00bb form_field_custom_padding=\u00bb||||true|true\u00bb form_field_font=\u00bbRoboto||||||||\u00bb form_field_text_align=\u00bbleft\u00bb custom_button=\u00bbon\u00bb button_text_size=\u00bb18px\u00bb button_text_color=\u00bb#FFFFFF\u00bb button_bg_color=\u00bb#d7c000&#8243; button_border_width=\u00bb0px\u00bb button_border_radius=\u00bb8px\u00bb button_font=\u00bbRoboto||||||||\u00bb button_icon=\u00bb&#xf35b;||fa||900&#8243; button_icon_placement=\u00bbleft\u00bb button_on_hover=\u00bboff\u00bb animation_style=\u00bbfade\u00bb hover_enabled=\u00bb0&#8243; box_shadow_style_button=\u00bbpreset3&#8243; global_colors_info=\u00bb{}\u00bb button_bg_color__hover_enabled=\u00bbon|desktop\u00bb button_bg_color__hover=\u00bb#000000&#8243; button_bg_enable_color__hover=\u00bbon\u00bb button_bg_enable_color=\u00bbon\u00bb sticky_enabled=\u00bb0&#8243;][et_pb_contact_field field_id=\u00bbNombre\u00bb field_title=\u00bbNombre (s)\u00bb allowed_symbols=\u00bbletters\u00bb _builder_version=\u00bb4.27.4&#8243; _module_preset=\u00bbdefault\u00bb global_colors_info=\u00bb{}\u00bb][\/et_pb_contact_field][et_pb_contact_field field_id=\u00bbApellido\u00bb field_title=\u00bbApellido\u00bb allowed_symbols=\u00bbletters\u00bb _builder_version=\u00bb4.27.4&#8243; _module_preset=\u00bbdefault\u00bb global_colors_info=\u00bb{}\u00bb][\/et_pb_contact_field][et_pb_contact_field field_id=\u00bbtelefono\u00bb field_title=\u00bbTel\u00e9fono\u00bb allowed_symbols=\u00bbnumbers\u00bb _builder_version=\u00bb4.27.4&#8243; _module_preset=\u00bbdefault\u00bb global_colors_info=\u00bb{}\u00bb][\/et_pb_contact_field][et_pb_contact_field field_id=\u00bbemail\u00bb field_title=\u00bbCorreo electr\u00f3nico\u00bb field_type=\u00bbemail\u00bb _builder_version=\u00bb4.27.4&#8243; _module_preset=\u00bbdefault\u00bb global_colors_info=\u00bb{}\u00bb][\/et_pb_contact_field][et_pb_contact_field field_id=\u00bbMaterial\u00bb field_title=\u00bbMaterial a recolectar\u00bb field_type=\u00bbselect\u00bb select_options=\u00bb%91{%22value%22:%22Acero Mixto%22,%22checked%22:0,%22dragID%22:2},{%22value%22:%22Cobre%22,%22checked%22:0,%22dragID%22:-1},{%22value%22:%22Bronce%22,%22checked%22:0,%22dragID%22:0},{%22value%22:%22Retorno industrial%22,%22checked%22:0,%22dragID%22:1},{%22value%22:%22Plomo%22,%22checked%22:0,%22dragID%22:5},{%22value%22:%22Rebaba f\u00e9rrica%22,%22checked%22:0,%22dragID%22:6},{%22value%22:%22Rebaba no f\u00e9rrica%22,%22checked%22:0,%22dragID%22:7},{%22value%22:%22Basura%22,%22checked%22:0,%22dragID%22:3},{%22value%22:%22Madera%22,%22checked%22:0,%22dragID%22:4},{%22value%22:%22Tarimas%22,%22checked%22:0,%22dragID%22:8},{%22value%22:%22Escombro%22,%22checked%22:0,%22dragID%22:9},{%22value%22:%22OTRO%22,%22checked%22:0,%22dragID%22:10}%93&#8243; _builder_version=\u00bb4.27.4&#8243; _module_preset=\u00bbdefault\u00bb global_colors_info=\u00bb{}\u00bb][\/et_pb_contact_field][et_pb_contact_field field_id=\u00bbotro\u00bb field_title=\u00bbotro\u00bb allowed_symbols=\u00bbnumbers\u00bb conditional_logic=\u00bbon\u00bb conditional_logic_relation=\u00bbon\u00bb conditional_logic_rules=\u00bb%91{%22field%22:%22material%22,%22condition%22:%22is%22,%22value%22:%22OTRO%22}%93&#8243; _builder_version=\u00bb4.27.4&#8243; _module_preset=\u00bbdefault\u00bb global_colors_info=\u00bb{}\u00bb][\/et_pb_contact_field][et_pb_contact_field field_id=\u00bbpesovolumen\u00bb field_title=\u00bbPeso \/ Volumen\u00bb field_type=\u00bbselect\u00bb select_options=\u00bb%91{%22value%22:%22Kilogramos%22,%22checked%22:0,%22dragID%22:-1},{%22value%22:%22Metros C\u00fabicos%22,%22checked%22:0,%22dragID%22:0}%93&#8243; _builder_version=\u00bb4.27.4&#8243; _module_preset=\u00bbdefault\u00bb global_colors_info=\u00bb{}\u00bb][\/et_pb_contact_field][et_pb_contact_field field_id=\u00bbcantidad\u00bb field_title=\u00bbCantidad\u00bb _builder_version=\u00bb4.27.4&#8243; _module_preset=\u00bbdefault\u00bb global_colors_info=\u00bb{}\u00bb][\/et_pb_contact_field][et_pb_contact_field field_id=\u00bbcalle\u00bb field_title=\u00bbCalle y numero\u00bb _builder_version=\u00bb4.27.4&#8243; _module_preset=\u00bbdefault\u00bb global_colors_info=\u00bb{}\u00bb][\/et_pb_contact_field][et_pb_contact_field field_id=\u00bbColonia\u00bb field_title=\u00bbColonia\u00bb _builder_version=\u00bb4.27.4&#8243; _module_preset=\u00bbdefault\u00bb global_colors_info=\u00bb{}\u00bb][\/et_pb_contact_field][et_pb_contact_field field_id=\u00bbCP\u00bb field_title=\u00bbC\u00f3digo postal\u00bb _builder_version=\u00bb4.27.4&#8243; _module_preset=\u00bbdefault\u00bb global_colors_info=\u00bb{}\u00bb][\/et_pb_contact_field][et_pb_contact_field field_id=\u00bbMunicipio\u00bb field_title=\u00bbMunicipio\u00bb _builder_version=\u00bb4.27.4&#8243; _module_preset=\u00bbdefault\u00bb global_colors_info=\u00bb{}\u00bb][\/et_pb_contact_field][et_pb_contact_field field_id=\u00bbEstado\u00bb field_title=\u00bbEstado\u00bb _builder_version=\u00bb4.27.4&#8243; _module_preset=\u00bbdefault\u00bb global_colors_info=\u00bb{}\u00bb][\/et_pb_contact_field][et_pb_contact_field field_id=\u00bbEmpresa\u00bb field_title=\u00bbRaz\u00f3n social\u00bb _builder_version=\u00bb4.27.4&#8243; _module_preset=\u00bbdefault\u00bb global_colors_info=\u00bb{}\u00bb][\/et_pb_contact_field][et_pb_contact_field field_id=\u00bbcomentarios\u00bb field_title=\u00bbComentarios\u00bb field_type=\u00bbtext\u00bb fullwidth_field=\u00bbon\u00bb _builder_version=\u00bb4.27.4&#8243; _module_preset=\u00bbdefault\u00bb global_colors_info=\u00bb{}\u00bb][\/et_pb_contact_field][et_pb_contact_field field_id=\u00bbpreferencia\u00bb field_title=\u00bbPrefiero que me contacten por\u00bb field_type=\u00bbradio\u00bb radio_options=\u00bb%91{%22value%22:%22Tel\u00e9fono%22,%22checked%22:0,%22dragID%22:-1},{%22value%22:%22Whastapp%22,%22checked%22:0,%22dragID%22:0},{%22value%22:%22Email%22,%22checked%22:0,%22dragID%22:1}%93&#8243; fullwidth_field=\u00bbon\u00bb _builder_version=\u00bb4.27.4&#8243; _module_preset=\u00bbdefault\u00bb global_colors_info=\u00bb{}\u00bb][\/et_pb_contact_field][\/et_pb_contact_form][\/et_pb_column][\/et_pb_row][\/et_pb_section]<\/p>\n","protected":false},"excerpt":{"rendered":"<p>Alimentamos la informaci\u00f3n para que siempre est\u00e9s actualizado.Si, en\u00a0IRS, contamos con servicio de recolecci\u00f3n para grandes y medianos generadores, as\u00ed como equipamiento para movimiento de cargas, disponemos de contenedores tipo open top, sistemas roll off de hasta 30 toneladas, gr\u00faas poligrapas. imanes para poligrapas, tolvas chatarreras, gr\u00faa tit\u00e1n y todo lo necesario para retirar el [&hellip;]<\/p>\n","protected":false},"author":1,"featured_media":0,"parent":0,"menu_order":0,"comment_status":"closed","ping_status":"closed","template":"","meta":{"_et_pb_use_builder":"on","_et_pb_old_content":"","_et_gb_content_width":"","om_disable_all_campaigns":false,"footnotes":""},"class_list":["post-181","page","type-page","status-publish","hentry"],"yoast_head":"<!-- This site is optimized with the Yoast SEO plugin v27.4 - https:\/\/yoast.com\/product\/yoast-seo-wordpress\/ -->\n<title>Preguntas frecuentes - INDUSTRIAL RECOVERY SOLUTIONS<\/title>\n<meta name=\"robots\" content=\"index, follow, max-snippet:-1, max-image-preview:large, max-video-preview:-1\" \/>\n<link rel=\"canonical\" href=\"https:\/\/irecover.mx\/index.php\/preguntas-frecuentes\/\" \/>\n<meta property=\"og:locale\" content=\"es_ES\" \/>\n<meta property=\"og:type\" content=\"article\" \/>\n<meta property=\"og:title\" content=\"Preguntas frecuentes - INDUSTRIAL RECOVERY SOLUTIONS\" \/>\n<meta property=\"og:description\" content=\"Alimentamos la informaci\u00f3n para que siempre est\u00e9s actualizado.Si, en\u00a0IRS, contamos con servicio de recolecci\u00f3n para grandes y medianos generadores, as\u00ed como equipamiento para movimiento de cargas, disponemos de contenedores tipo open top, sistemas roll off de hasta 30 toneladas, gr\u00faas poligrapas. imanes para poligrapas, tolvas chatarreras, gr\u00faa tit\u00e1n y todo lo necesario para retirar el [&hellip;]\" \/>\n<meta property=\"og:url\" content=\"https:\/\/irecover.mx\/index.php\/preguntas-frecuentes\/\" \/>\n<meta property=\"og:site_name\" content=\"INDUSTRIAL RECOVERY SOLUTIONS\" \/>\n<meta property=\"article:modified_time\" content=\"2025-05-27T01:42:34+00:00\" \/>\n<meta name=\"twitter:card\" content=\"summary_large_image\" \/>\n<meta name=\"twitter:label1\" content=\"Tiempo de lectura\" \/>\n\t<meta name=\"twitter:data1\" content=\"10 minutos\" \/>\n<script type=\"application\/ld+json\" class=\"yoast-schema-graph\">{\"@context\":\"https:\\\/\\\/schema.org\",\"@graph\":[{\"@type\":\"WebPage\",\"@id\":\"https:\\\/\\\/irecover.mx\\\/index.php\\\/preguntas-frecuentes\\\/\",\"url\":\"https:\\\/\\\/irecover.mx\\\/index.php\\\/preguntas-frecuentes\\\/\",\"name\":\"Preguntas frecuentes - INDUSTRIAL RECOVERY SOLUTIONS\",\"isPartOf\":{\"@id\":\"https:\\\/\\\/irecover.mx\\\/#website\"},\"datePublished\":\"2025-01-04T16:57:09+00:00\",\"dateModified\":\"2025-05-27T01:42:34+00:00\",\"breadcrumb\":{\"@id\":\"https:\\\/\\\/irecover.mx\\\/index.php\\\/preguntas-frecuentes\\\/#breadcrumb\"},\"inLanguage\":\"es\",\"potentialAction\":[{\"@type\":\"ReadAction\",\"target\":[\"https:\\\/\\\/irecover.mx\\\/index.php\\\/preguntas-frecuentes\\\/\"]}]},{\"@type\":\"BreadcrumbList\",\"@id\":\"https:\\\/\\\/irecover.mx\\\/index.php\\\/preguntas-frecuentes\\\/#breadcrumb\",\"itemListElement\":[{\"@type\":\"ListItem\",\"position\":1,\"name\":\"Portada\",\"item\":\"https:\\\/\\\/irecover.mx\\\/\"},{\"@type\":\"ListItem\",\"position\":2,\"name\":\"Preguntas frecuentes\"}]},{\"@type\":\"WebSite\",\"@id\":\"https:\\\/\\\/irecover.mx\\\/#website\",\"url\":\"https:\\\/\\\/irecover.mx\\\/\",\"name\":\"ROLL OFF SERVICE | GESTION INTEGRAL DE RESIDUOS Y CONTROL DE SCRAP\",\"description\":\"Recolecciones de Scrap industrial, chatarra y metales.\",\"potentialAction\":[{\"@type\":\"SearchAction\",\"target\":{\"@type\":\"EntryPoint\",\"urlTemplate\":\"https:\\\/\\\/irecover.mx\\\/?s={search_term_string}\"},\"query-input\":{\"@type\":\"PropertyValueSpecification\",\"valueRequired\":true,\"valueName\":\"search_term_string\"}}],\"inLanguage\":\"es\"}]}<\/script>\n<!-- \/ Yoast SEO plugin. -->","yoast_head_json":{"title":"Preguntas frecuentes - INDUSTRIAL RECOVERY SOLUTIONS","robots":{"index":"index","follow":"follow","max-snippet":"max-snippet:-1","max-image-preview":"max-image-preview:large","max-video-preview":"max-video-preview:-1"},"canonical":"https:\/\/irecover.mx\/index.php\/preguntas-frecuentes\/","og_locale":"es_ES","og_type":"article","og_title":"Preguntas frecuentes - INDUSTRIAL RECOVERY SOLUTIONS","og_description":"Alimentamos la informaci\u00f3n para que siempre est\u00e9s actualizado.Si, en\u00a0IRS, contamos con servicio de recolecci\u00f3n para grandes y medianos generadores, as\u00ed como equipamiento para movimiento de cargas, disponemos de contenedores tipo open top, sistemas roll off de hasta 30 toneladas, gr\u00faas poligrapas. imanes para poligrapas, tolvas chatarreras, gr\u00faa tit\u00e1n y todo lo necesario para retirar el [&hellip;]","og_url":"https:\/\/irecover.mx\/index.php\/preguntas-frecuentes\/","og_site_name":"INDUSTRIAL RECOVERY SOLUTIONS","article_modified_time":"2025-05-27T01:42:34+00:00","twitter_card":"summary_large_image","twitter_misc":{"Tiempo de lectura":"10 minutos"},"schema":{"@context":"https:\/\/schema.org","@graph":[{"@type":"WebPage","@id":"https:\/\/irecover.mx\/index.php\/preguntas-frecuentes\/","url":"https:\/\/irecover.mx\/index.php\/preguntas-frecuentes\/","name":"Preguntas frecuentes - INDUSTRIAL RECOVERY SOLUTIONS","isPartOf":{"@id":"https:\/\/irecover.mx\/#website"},"datePublished":"2025-01-04T16:57:09+00:00","dateModified":"2025-05-27T01:42:34+00:00","breadcrumb":{"@id":"https:\/\/irecover.mx\/index.php\/preguntas-frecuentes\/#breadcrumb"},"inLanguage":"es","potentialAction":[{"@type":"ReadAction","target":["https:\/\/irecover.mx\/index.php\/preguntas-frecuentes\/"]}]},{"@type":"BreadcrumbList","@id":"https:\/\/irecover.mx\/index.php\/preguntas-frecuentes\/#breadcrumb","itemListElement":[{"@type":"ListItem","position":1,"name":"Portada","item":"https:\/\/irecover.mx\/"},{"@type":"ListItem","position":2,"name":"Preguntas frecuentes"}]},{"@type":"WebSite","@id":"https:\/\/irecover.mx\/#website","url":"https:\/\/irecover.mx\/","name":"ROLL OFF SERVICE | GESTION INTEGRAL DE RESIDUOS Y CONTROL DE SCRAP","description":"Recolecciones de Scrap industrial, chatarra y metales.","potentialAction":[{"@type":"SearchAction","target":{"@type":"EntryPoint","urlTemplate":"https:\/\/irecover.mx\/?s={search_term_string}"},"query-input":{"@type":"PropertyValueSpecification","valueRequired":true,"valueName":"search_term_string"}}],"inLanguage":"es"}]}},"_links":{"self":[{"href":"https:\/\/irecover.mx\/index.php\/wp-json\/wp\/v2\/pages\/181","targetHints":{"allow":["GET"]}}],"collection":[{"href":"https:\/\/irecover.mx\/index.php\/wp-json\/wp\/v2\/pages"}],"about":[{"href":"https:\/\/irecover.mx\/index.php\/wp-json\/wp\/v2\/types\/page"}],"author":[{"embeddable":true,"href":"https:\/\/irecover.mx\/index.php\/wp-json\/wp\/v2\/users\/1"}],"replies":[{"embeddable":true,"href":"https:\/\/irecover.mx\/index.php\/wp-json\/wp\/v2\/comments?post=181"}],"version-history":[{"count":6,"href":"https:\/\/irecover.mx\/index.php\/wp-json\/wp\/v2\/pages\/181\/revisions"}],"predecessor-version":[{"id":534,"href":"https:\/\/irecover.mx\/index.php\/wp-json\/wp\/v2\/pages\/181\/revisions\/534"}],"wp:attachment":[{"href":"https:\/\/irecover.mx\/index.php\/wp-json\/wp\/v2\/media?parent=181"}],"curies":[{"name":"wp","href":"https:\/\/api.w.org\/{rel}","templated":true}]}}